{"id":6957,"date":"2024-10-15T11:50:23","date_gmt":"2024-10-15T09:50:23","guid":{"rendered":"https:\/\/ffl.lu\/?page_id=6957"},"modified":"2025-10-24T12:06:25","modified_gmt":"2025-10-24T10:06:25","slug":"spenden","status":"publish","type":"page","link":"https:\/\/ffl.lu\/de\/sengager\/spenden\/","title":{"rendered":"Spenden"},"content":{"rendered":"\n<div class=\"wp-block-group container-sec container--small\"><div class=\"wp-block-group__inner-container is-layout-flow wp-block-group-is-layout-flow\">\n<p class=\"underline-text\"><strong><strong><strong><strong>Die Fondation Follereau Luxembourg sorgt f\u00fcr eine verantwortungsvolle und transparente Zuweisung der Mittel, insbesondere um sicherzustellen und zu best\u00e4tigen, dass Ihre Spenden eine wesentliche Unterst\u00fctzungsfunktion erf\u00fcllen.<\/strong><\/strong><\/strong><\/strong><\/p>\n\n\n\n<p>Alle unsere Partner sind verpflichtet, regelm\u00e4\u00dfig T\u00e4tigkeits- und Finanzberichte vorzulegen. Des Weiteren m\u00fcssen jegliche Ausgaben durch Belege nachgewiesen werden. Au\u00dferdem werden sie j\u00e4hrlich gepr\u00fcft.<\/p>\n\n\n\n<p>Alle Projekte und deren Budgets werden auf Vorschlag der Partner und des F\u00fchrungsteams am Hauptsitz dem Verwaltungsrat zur Genehmigung und Abstimmung vorgelegt. <\/p>\n\n\n\n<h3 class=\"wp-block-heading\"><strong><strong><strong>Steuerabz\u00fcge<\/strong><\/strong><\/strong><\/h3>\n\n\n\n<div class=\"wp-block-columns full-width is-layout-flex wp-container-core-columns-is-layout-9d6595d7 wp-block-columns-is-layout-flex\">\n<div class=\"wp-block-column is-layout-flow wp-block-column-is-layout-flow\">\n<p>Sie haben die Stiftung mit einer Spende unterst\u00fctzt? Daf\u00fcr bedanken wir uns von ganzem Herzen bei Ihnen. Haben Sie gewusst, dass alle Spenden steuerlich abgesetzt werden k\u00f6nnen? Sie erhalten daher eine Spendenbescheinigung, die als Nachweis f\u00fcr Ihre Steuererkl\u00e4rung verwendet werden kann.<\/p>\n\n\n\n<p><em>\u201cUm als Sonderausgabe absetzbar zu sein, muss die j\u00e4hrliche Gesamtsumme der Spenden mindestens 120 \u20ac betragen. Der j\u00e4hrliche Abzug f\u00fcr Spenden und Schenkungen darf jedoch weder 20% (10% bis 2008) des gesamten Nettoeinkommens noch 1.000.000 \u20ac (500.000 \u20ac bis 2008) \u00fcbersteigen. Ab dem Steuerjahr 2009 k\u00f6nnen Betr\u00e4ge, die diese Grenzen \u00fcberschreiten, unter den gleichen Bedingungen und innerhalb der gleichen Grenzen auf die beiden folgenden Steuerjahre \u00fcbertragen werden. \u201c<\/em>&nbsp;(Quelle:&nbsp;<a href=\"https:\/\/impotsdirects.public.lu\/\" target=\"_blank\" rel=\"noreferrer noopener\">https:\/\/impotsdirects.public.lu\/<\/a>)<\/p>\n<\/div>\n\n\n\n<div class=\"wp-block-column is-layout-flow wp-block-column-is-layout-flow\">\n<figure class=\"wp-block-image size-large\"><img loading=\"lazy\" decoding=\"async\" width=\"1280\" height=\"1280\" src=\"https:\/\/www.ffl.lu\/wp-content\/uploads\/2020\/03\/MALI0479.jpg\" alt=\"\" class=\"wp-image-1313\" srcset=\"https:\/\/ffl.lu\/wp-content\/uploads\/2020\/03\/MALI0479.jpg 1280w, https:\/\/ffl.lu\/wp-content\/uploads\/2020\/03\/MALI0479-800x800.jpg 800w\" sizes=\"auto, (max-width: 1280px) 100vw, 1280px\" \/><\/figure>\n<\/div>\n<\/div>\n\n\n\n<h3 class=\"wp-block-heading\">Unsere Bankverbindung<\/h3>\n\n\n\n<p>Sie k\u00f6nnen eine Spende auf eines unserer beiden nachstehenden Konten t\u00e4tigen:<\/p>\n\n\n\n<ul class=\"wp-block-list\">\n<li><strong>Banque et Caisse d\u2019Epargne de l\u2019Etat (BCEE)<\/strong><br>Fondation Follereau Luxembourg<br>IBAN LU38 0019 1100 2081 3000 <em>(BIC\/SWIFT:\u00a0BCEELULL)<\/em><br><\/li>\n\n\n\n<li><strong>POST\u00a0Luxembourg<\/strong><br>LUX RAOUL FOLLEREAU AIDE LEPREUX.<br>IBAN LU15 1111 0000 7878 0000<em> (BIC\/SWIFT:\u00a0CCPLLULL)<\/em><\/li>\n<\/ul>\n\n\n\n<h3 class=\"wp-block-heading\"><strong>Eine kostenlose Spende machen?<\/strong><\/h3>\n\n\n\n<p>In der Tat ist dies mittlerweile m\u00f6glich. Kennen Sie schon die Solidarit\u00e4tssuchmaschine&nbsp;<a href=\"https:\/\/web.archive.org\/web\/20240720105528\/https:\/\/www.lilo.org\/\" target=\"_blank\" rel=\"noreferrer noopener\">Lilo<\/a>?<\/p>\n\n\n\n<p>Damit k\u00f6nnen Sie eines unserer&nbsp;<a href=\"https:\/\/web.archive.org\/web\/20240720105528\/https:\/\/www.lilo.org\/fondation-follereau-luxembourg\/\" target=\"_blank\" rel=\"noreferrer noopener\">Projekte<\/a>&nbsp;unterst\u00fctzen, indem Sie einfach im Internet recherchieren. Auf diese Weise sammeln Sie Tropfen, die Sie dann an die Fondation Follereau Luxembourg spenden k\u00f6nnen. Etwas genauer?<\/p>\n\n\n\n<ol class=\"wp-block-list\">\n<li>Gehen Sie&nbsp;<a href=\"https:\/\/web.archive.org\/web\/20240720105528\/http:\/\/www.lilo.org\/?utm_source=promotion-de-linsertion-socio-professionnelle-des-enfants-des-mines-de-tougouri\" target=\"_blank\" rel=\"noreferrer noopener\">auf diesen Link<\/a>, um die Lilo-<strong>Suchmaschine<\/strong>&nbsp;zu verwenden.<\/li>\n\n\n\n<li>Sammeln Sie mindestens&nbsp;<strong>50 Tropfen Wasser<\/strong>.<\/li>\n\n\n\n<li>Gehen Sie&nbsp;<a href=\"https:\/\/web.archive.org\/web\/20240720105528\/https:\/\/www.lilo.org\/promotion-de-linsertion-socio-professionnelle-des-enfants-des-mines-de-tougouri\/?utm_source=promotion-de-linsertion-socio-professionnelle-des-enfants-des-mines-de-tougouri\" target=\"_blank\" rel=\"noreferrer noopener\">auf unsere Projektseite<\/a>&nbsp;und spenden Sie bei der ersten Spende mindestens 50 Tropfen Wasser (bei den folgenden Malen k\u00f6nnen Sie frei w\u00e4hlen).<\/li>\n\n\n\n<li>F\u00fchren Sie dann Ihre t\u00e4glichen Suchen mit Lilo durch, um Wassertropfen zu verdienen.<\/li>\n\n\n\n<li>Und zahlen Sie regelm\u00e4\u00dfig Ihre Wassertropfen zur\u00fcck, indem Sie direkt&nbsp;<a href=\"https:\/\/web.archive.org\/web\/20240720105528\/https:\/\/www.lilo.org\/promotion-de-linsertion-socio-professionnelle-des-enfants-des-mines-de-tougouri\/?utm_source=promotion-de-linsertion-socio-professionnelle-des-enfants-des-mines-de-tougouri\" target=\"_blank\" rel=\"noreferrer noopener\">auf unsere Projektseite<\/a>&nbsp;gehen<\/li>\n<\/ol>\n\n\n\n<p><\/p>\n\n\n\n<p><strong><strong>Also, suchen, sammeln, unterst\u00fctzen, l\u00e4cheln! Zu Ihren Klicks?<\/strong><\/strong><\/p>\n\n\n\n<h3 class=\"wp-block-heading\">Haben Sie noch weitere Fragen?<\/h3>\n\n\n\n<h4 class=\"wp-block-heading\">Finanzabteilung<\/h4>\n\n\n\n<p><a href=\"mailto:melanie.room@ffl.lu\" target=\"_blank\" rel=\"noreferrer noopener\">M\u00e9lanie Room<\/a><br>T\u00e9l. : <a href=\"tel:0035244660652\" target=\"_blank\" rel=\"noreferrer noopener\">(+352) 446606-52<\/a><\/p>\n<\/div><\/div>\n","protected":false},"excerpt":{"rendered":"<p>Die Fondation Follereau Luxembourg sorgt f\u00fcr eine verantwortungsvolle und transparente Zuweisung der Mittel, insbesondere um sicherzustellen und zu best\u00e4tigen, dass Ihre Spenden eine wesentliche Unterst\u00fctzungsfunktion erf\u00fcllen. Alle unsere Partner sind [&hellip;]<\/p>\n","protected":false},"author":4,"featured_media":0,"parent":3490,"menu_order":0,"comment_status":"closed","ping_status":"closed","template":"","meta":{"_acf_changed":false,"footnotes":""},"class_list":["post-6957","page","type-page","status-publish","hentry"],"acf":[],"yoast_head":"<!-- This site is optimized with the Yoast SEO plugin v27.1.1 - https:\/\/yoast.com\/product\/yoast-seo-wordpress\/ -->\n<title>Spenden - Fondation Follereau Luxembourg<\/title>\n<meta name=\"robots\" content=\"index, follow, max-snippet:-1, max-image-preview:large, max-video-preview:-1\" \/>\n<link rel=\"canonical\" href=\"https:\/\/ffl.lu\/de\/sengager\/spenden\/\" \/>\n<meta property=\"og:locale\" content=\"de_DE\" \/>\n<meta property=\"og:type\" content=\"article\" \/>\n<meta property=\"og:title\" content=\"Spenden - Fondation Follereau Luxembourg\" \/>\n<meta property=\"og:description\" content=\"Die Fondation Follereau Luxembourg sorgt f\u00fcr eine verantwortungsvolle und transparente Zuweisung der Mittel, insbesondere um sicherzustellen und zu best\u00e4tigen, dass Ihre Spenden eine wesentliche Unterst\u00fctzungsfunktion erf\u00fcllen. Alle unsere Partner sind [&hellip;]\" \/>\n<meta property=\"og:url\" content=\"https:\/\/ffl.lu\/de\/sengager\/spenden\/\" \/>\n<meta property=\"og:site_name\" content=\"Fondation Follereau Luxembourg\" \/>\n<meta property=\"article:modified_time\" content=\"2025-10-24T10:06:25+00:00\" \/>\n<meta property=\"og:image\" content=\"https:\/\/ffl.lu\/wp-content\/uploads\/2020\/03\/MALI0479.jpg\" \/>\n\t<meta property=\"og:image:width\" content=\"1280\" \/>\n\t<meta property=\"og:image:height\" content=\"1280\" \/>\n\t<meta property=\"og:image:type\" content=\"image\/jpeg\" \/>\n<meta name=\"twitter:card\" content=\"summary_large_image\" \/>\n<meta name=\"twitter:label1\" content=\"Gesch\u00e4tzte Lesezeit\" \/>\n\t<meta name=\"twitter:data1\" content=\"2\u00a0Minuten\" \/>\n<script type=\"application\/ld+json\" class=\"yoast-schema-graph\">{\"@context\":\"https:\/\/schema.org\",\"@graph\":[{\"@type\":\"WebPage\",\"@id\":\"https:\/\/ffl.lu\/de\/sengager\/spenden\/\",\"url\":\"https:\/\/ffl.lu\/de\/sengager\/spenden\/\",\"name\":\"Spenden - Fondation Follereau Luxembourg\",\"isPartOf\":{\"@id\":\"https:\/\/ffl.lu\/de\/#website\"},\"primaryImageOfPage\":{\"@id\":\"https:\/\/ffl.lu\/de\/sengager\/spenden\/#primaryimage\"},\"image\":{\"@id\":\"https:\/\/ffl.lu\/de\/sengager\/spenden\/#primaryimage\"},\"thumbnailUrl\":\"https:\/\/www.ffl.lu\/wp-content\/uploads\/2020\/03\/MALI0479.jpg\",\"datePublished\":\"2024-10-15T09:50:23+00:00\",\"dateModified\":\"2025-10-24T10:06:25+00:00\",\"breadcrumb\":{\"@id\":\"https:\/\/ffl.lu\/de\/sengager\/spenden\/#breadcrumb\"},\"inLanguage\":\"de\",\"potentialAction\":[{\"@type\":\"ReadAction\",\"target\":[\"https:\/\/ffl.lu\/de\/sengager\/spenden\/\"]}]},{\"@type\":\"ImageObject\",\"inLanguage\":\"de\",\"@id\":\"https:\/\/ffl.lu\/de\/sengager\/spenden\/#primaryimage\",\"url\":\"https:\/\/www.ffl.lu\/wp-content\/uploads\/2020\/03\/MALI0479.jpg\",\"contentUrl\":\"https:\/\/www.ffl.lu\/wp-content\/uploads\/2020\/03\/MALI0479.jpg\"},{\"@type\":\"BreadcrumbList\",\"@id\":\"https:\/\/ffl.lu\/de\/sengager\/spenden\/#breadcrumb\",\"itemListElement\":[{\"@type\":\"ListItem\",\"position\":1,\"name\":\"Home\",\"item\":\"https:\/\/ffl.lu\/de\/\"},{\"@type\":\"ListItem\",\"position\":2,\"name\":\"Sich engagieren\",\"item\":\"https:\/\/ffl.lu\/de\/sengager\/\"},{\"@type\":\"ListItem\",\"position\":3,\"name\":\"Spenden\"}]},{\"@type\":\"WebSite\",\"@id\":\"https:\/\/ffl.lu\/de\/#website\",\"url\":\"https:\/\/ffl.lu\/de\/\",\"name\":\"Fondation Follereau Luxembourg\",\"description\":\"Tout seul, on va vite. Ensemble, on va plus loin\",\"potentialAction\":[{\"@type\":\"SearchAction\",\"target\":{\"@type\":\"EntryPoint\",\"urlTemplate\":\"https:\/\/ffl.lu\/de\/?s={search_term_string}\"},\"query-input\":{\"@type\":\"PropertyValueSpecification\",\"valueRequired\":true,\"valueName\":\"search_term_string\"}}],\"inLanguage\":\"de\"}]}<\/script>\n<!-- \/ Yoast SEO plugin. -->","yoast_head_json":{"title":"Spenden - Fondation Follereau Luxembourg","robots":{"index":"index","follow":"follow","max-snippet":"max-snippet:-1","max-image-preview":"max-image-preview:large","max-video-preview":"max-video-preview:-1"},"canonical":"https:\/\/ffl.lu\/de\/sengager\/spenden\/","og_locale":"de_DE","og_type":"article","og_title":"Spenden - Fondation Follereau Luxembourg","og_description":"Die Fondation Follereau Luxembourg sorgt f\u00fcr eine verantwortungsvolle und transparente Zuweisung der Mittel, insbesondere um sicherzustellen und zu best\u00e4tigen, dass Ihre Spenden eine wesentliche Unterst\u00fctzungsfunktion erf\u00fcllen. Alle unsere Partner sind [&hellip;]","og_url":"https:\/\/ffl.lu\/de\/sengager\/spenden\/","og_site_name":"Fondation Follereau Luxembourg","article_modified_time":"2025-10-24T10:06:25+00:00","og_image":[{"width":1280,"height":1280,"url":"https:\/\/ffl.lu\/wp-content\/uploads\/2020\/03\/MALI0479.jpg","type":"image\/jpeg"}],"twitter_card":"summary_large_image","twitter_misc":{"Gesch\u00e4tzte Lesezeit":"2\u00a0Minuten"},"schema":{"@context":"https:\/\/schema.org","@graph":[{"@type":"WebPage","@id":"https:\/\/ffl.lu\/de\/sengager\/spenden\/","url":"https:\/\/ffl.lu\/de\/sengager\/spenden\/","name":"Spenden - Fondation Follereau Luxembourg","isPartOf":{"@id":"https:\/\/ffl.lu\/de\/#website"},"primaryImageOfPage":{"@id":"https:\/\/ffl.lu\/de\/sengager\/spenden\/#primaryimage"},"image":{"@id":"https:\/\/ffl.lu\/de\/sengager\/spenden\/#primaryimage"},"thumbnailUrl":"https:\/\/www.ffl.lu\/wp-content\/uploads\/2020\/03\/MALI0479.jpg","datePublished":"2024-10-15T09:50:23+00:00","dateModified":"2025-10-24T10:06:25+00:00","breadcrumb":{"@id":"https:\/\/ffl.lu\/de\/sengager\/spenden\/#breadcrumb"},"inLanguage":"de","potentialAction":[{"@type":"ReadAction","target":["https:\/\/ffl.lu\/de\/sengager\/spenden\/"]}]},{"@type":"ImageObject","inLanguage":"de","@id":"https:\/\/ffl.lu\/de\/sengager\/spenden\/#primaryimage","url":"https:\/\/www.ffl.lu\/wp-content\/uploads\/2020\/03\/MALI0479.jpg","contentUrl":"https:\/\/www.ffl.lu\/wp-content\/uploads\/2020\/03\/MALI0479.jpg"},{"@type":"BreadcrumbList","@id":"https:\/\/ffl.lu\/de\/sengager\/spenden\/#breadcrumb","itemListElement":[{"@type":"ListItem","position":1,"name":"Home","item":"https:\/\/ffl.lu\/de\/"},{"@type":"ListItem","position":2,"name":"Sich engagieren","item":"https:\/\/ffl.lu\/de\/sengager\/"},{"@type":"ListItem","position":3,"name":"Spenden"}]},{"@type":"WebSite","@id":"https:\/\/ffl.lu\/de\/#website","url":"https:\/\/ffl.lu\/de\/","name":"Fondation Follereau Luxembourg","description":"Tout seul, on va vite. Ensemble, on va plus loin","potentialAction":[{"@type":"SearchAction","target":{"@type":"EntryPoint","urlTemplate":"https:\/\/ffl.lu\/de\/?s={search_term_string}"},"query-input":{"@type":"PropertyValueSpecification","valueRequired":true,"valueName":"search_term_string"}}],"inLanguage":"de"}]}},"_links":{"self":[{"href":"https:\/\/ffl.lu\/de\/wp-json\/wp\/v2\/pages\/6957","targetHints":{"allow":["GET"]}}],"collection":[{"href":"https:\/\/ffl.lu\/de\/wp-json\/wp\/v2\/pages"}],"about":[{"href":"https:\/\/ffl.lu\/de\/wp-json\/wp\/v2\/types\/page"}],"author":[{"embeddable":true,"href":"https:\/\/ffl.lu\/de\/wp-json\/wp\/v2\/users\/4"}],"replies":[{"embeddable":true,"href":"https:\/\/ffl.lu\/de\/wp-json\/wp\/v2\/comments?post=6957"}],"version-history":[{"count":6,"href":"https:\/\/ffl.lu\/de\/wp-json\/wp\/v2\/pages\/6957\/revisions"}],"predecessor-version":[{"id":7869,"href":"https:\/\/ffl.lu\/de\/wp-json\/wp\/v2\/pages\/6957\/revisions\/7869"}],"up":[{"embeddable":true,"href":"https:\/\/ffl.lu\/de\/wp-json\/wp\/v2\/pages\/3490"}],"wp:attachment":[{"href":"https:\/\/ffl.lu\/de\/wp-json\/wp\/v2\/media?parent=6957"}],"curies":[{"name":"wp","href":"https:\/\/api.w.org\/{rel}","templated":true}]}}