{"id":3858,"date":"2020-02-03T19:09:08","date_gmt":"2020-02-03T19:09:08","guid":{"rendered":"https:\/\/www.ffl.lu\/politique-de-confidentialite\/"},"modified":"2020-06-25T15:09:57","modified_gmt":"2020-06-25T15:09:57","slug":"politique-de-confidentialite","status":"publish","type":"page","link":"https:\/\/ffl.lu\/de\/politique-de-confidentialite\/","title":{"rendered":"Datenschutzerkl\u00e4rung"},"content":{"rendered":"\n<div class=\"wp-block-group container-sec container--small\"><div class=\"wp-block-group__inner-container is-layout-flow wp-block-group-is-layout-flow\">\n<h2 class=\"wp-block-heading\">Fondation Follereau Luxembourg<\/h2>\n\n\n\n<p>SCR-NR.: G2<br>Rechtsform: Gemeinn\u00fctzige Vereinigung nach luxemburgischem Recht<br>Datum der Gr\u00fcndung: 07\/12\/1966\u00a0<br>Hauptgesch\u00e4ftsstelle: 204, route d\u2019Arlon L-8010 Strassen<br>E-mail: <a rel=\"noreferrer noopener\" href=\"mailto:info@ffl.lu\" target=\"_blank\">info@ffl.lu<\/a><\/p>\n\n\n\n<p><\/p>\n\n\n\n<h2 class=\"wp-block-heading\">Artikel 1 &#8211; Pr\u00e4ambel<\/h2>\n\n\n\n<p>Um Ihre Daten besser zu sch\u00fctzen, verpflichtet sich die FONDATION FOLLEREAU LUXEMBURG (im Folgenden &#8222;FFL&#8220; genannt), Ihre Daten und Ihre Entscheidungen bez\u00fcglich ihrer Verarbeitung gem\u00e4\u00df den geltenden Gesetzen zum Schutz der Privatsph\u00e4re und der individuellen Freiheiten zu respektieren.<\/p>\n\n\n\n<p>Zweck dieser Politik zum Schutz personenbezogener Daten ist es, die Nutzer der FFL-Website zu informieren, die unter der folgenden Adresse zug\u00e4nglich ist: <a href=\"https:\/\/www.ffl.lu\" target=\"_blank\" rel=\"noreferrer noopener\">https:\/\/www.ffl.lu<\/a> (im Folgenden als &#8222;die Website&#8220; bezeichnet):<\/p>\n\n\n\n<ul class=\"wp-block-list\"><li>wie ihre pers\u00f6nlichen Daten gesammelt und verarbeitet werden. Alle Daten, die einen Benutzer identifizieren k\u00f6nnen, m\u00fcssen als pers\u00f6nliche Daten betrachtet werden. Dazu geh\u00f6ren der Name, das Alter, die Postanschrift, die E-Mail-Adresse, der Standort oder die IP-Adresse des Benutzers;<\/li><li>welche die Rechte der Benutzer bez\u00fcglich dieser Daten sind;<\/li><li>wer f\u00fcr die Verarbeitung der erhobenen und verarbeiteten personenbezogenen Daten verantwortlich ist;<\/li><li>an wen diese Daten \u00fcbermittelt werden;<\/li><li>die Richtlinien der Website bez\u00fcglich &#8222;Cookie&#8220;-Dateien.<\/li><\/ul>\n\n\n\n<h2 class=\"wp-block-heading\">Artikel 2 &#8211; Erhebung und Verarbeitung von Daten<\/h2>\n\n\n\n<h3 class=\"wp-block-heading\">A. <strong>Erhobene und verarbeitete Daten und Verfahren zur Erhebung<\/strong><\/h3>\n\n\n\n<p>Die auf der FFL-Website gesammelten Daten sind wie folgt:<\/p>\n\n\n\n<ul class=\"wp-block-list\"><li>Vorname, Nachname <\/li><li>Postanschrift<\/li><li>E-Mail-Adresse<\/li><li>Bankverbindung<\/li><li>IP-Adresse und f\u00fcr den Besuch unserer Website verwendete Technologie<\/li><li>Alle anderen Daten, die f\u00fcr die folgenden Zwecke relevant sind<\/li><\/ul>\n\n\n\n<p>In \u00dcbereinstimmung mit den Bestimmungen der Europ\u00e4ischen Verordnung 2016\/679, bekannt als Allgemeine Verordnung \u00fcber den Datenschutz (RGPD), die seit dem 25. Mai 2018 direkt anwendbar ist, werden personenbezogene Daten, die auf der FFL-Website erhoben werden, auf unterschiedliche Weise gesammelt:<\/p>\n\n\n\n<h4 class=\"wp-block-heading\"><strong><em>a. Spende<\/em><\/strong><\/h4>\n\n\n\n<p>Wenn Sie eine Spende an FFL t\u00e4tigen, verwenden Sie das Spendenformular Donorbox. Ihre Zahlungsdaten werden dann an die Donorbox, betrieben von Rebel Idealist LLC, mit Sitz in 5 3rd St, Suite 900, San Francisco, CA 94103, USA (nachfolgend &#8222;Donorbox&#8220; genannt), weitergeleitet, und zwar ausschlie\u00dflich in dem f\u00fcr die Zahlungsabwicklung erforderlichen Umfang. <a rel=\"noreferrer noopener\" href=\"https:\/\/www.donorbox.org\/privacy\" target=\"_blank\">https:\/\/www.donorbox.org\/privacy<\/a><\/p>\n\n\n\n<p>Diese Daten sind f\u00fcr die Registrierung und Bearbeitung Ihrer Spende notwendig. In diesem speziellen Fall bitten wir Sie auch um Ihre Postanschrift, damit wir Ihnen Ihre Spendenbescheinigung zusenden k\u00f6nnen, die Sie zur Begr\u00fcndung Ihrer Steuererkl\u00e4rung ben\u00f6tigen, aber auch, um Sie \u00fcber unsere Arbeit und neue Kampagnen auf dem Laufenden zu halten.<\/p>\n\n\n\n<h4 class=\"wp-block-heading\"><strong><em>b. Formular<\/em><\/strong><\/h4>\n\n\n\n<p>Wenn Sie sich \u00fcber ein Formular auf der Website mit dem FFL-Team in Verbindung setzen, werden die gesammelten Informationen nach sicheren Protokollen aufgezeichnet und gespeichert, um eine Wiederaufnahme des Kontakts zu erm\u00f6glichen. Diese Informationen werden per E-Mail an die entsprechenden Abteilungen \u00fcbermittelt und so lange aufbewahrt, wie es notwendig ist, um Ihnen zu antworten.<\/p>\n\n\n\n<div class=\"wp-block-columns is-layout-flex wp-container-core-columns-is-layout-9d6595d7 wp-block-columns-is-layout-flex\">\n<div class=\"wp-block-column is-layout-flow wp-block-column-is-layout-flow\">\n<h4 class=\"wp-block-heading\"><strong><em>c. Newsletter<\/em><\/strong><\/h4>\n\n\n\n<p>Wenn Sie den FFL-Newsletter \u00fcber die Mailchimp-System-Plug-ins abonnieren, die von The Rocket Science Group, LLC mit Sitz in 675 Ponce de Leon Ave NE, Suite 5000, Atlanta, GA 30308, USA (im Folgenden als &#8222;Mailchimp&#8220; bezeichnet) betrieben werden. <a rel=\"noreferrer noopener\" href=\"https:\/\/mailchimp.com\/legal\/\" target=\"_blank\">https:\/\/mailchimp.com\/legal\/<\/a><\/p>\n\n\n\n<p>Wenn Sie das Registrierungsformular auf unserer Website ausf\u00fcllen, werden Ihre Daten auf den Servern von Mailchimp \u00fcbertragen und verarbeitet und so lange wie n\u00f6tig f\u00fcr die Kommunikations- und Marketingbed\u00fcrfnisse von Mailchimp aufbewahrt.<\/p>\n<\/div>\n\n\n\n<div class=\"wp-block-column is-layout-flow wp-block-column-is-layout-flow\">\n<p>  <\/p>\n\n\n\n<p>Auf diese Weise erm\u00e4chtigen Sie FFL, Ihnen Informationen per E-Mail zu senden, so oft FFL dies f\u00fcr notwendig erachtet, solange Sie nicht darum bitten, den Newsletter abzubestellen. Die Daten, die sich auf Ihre Konsultation der Newsletter beziehen, werden ebenfalls gespeichert und verarbeitet.<\/p>\n<\/div>\n<\/div>\n\n\n\n<h3 class=\"wp-block-heading\">B. Weitergabe von Daten an Dritte<\/h3>\n\n\n\n<p>Alle derartigen personenbezogenen Daten werden streng auf Mitarbeiter und Mitglieder des Verwaltungsrats der FFL sowie auf Personen oder Unternehmen beschr\u00e4nkt, die von der FFL zu Kommunikations- oder Marketingzwecken beauftragt werden. Diese Daten werden unter keinen Umst\u00e4nden an Dritte weitergegeben oder \u00fcbermittelt. Wir gew\u00e4hrleisten die Sicherheit Ihrer pers\u00f6nlichen Daten, indem wir die erforderlichen Ma\u00dfnahmen ergreifen.<\/p>\n\n\n\n<h3 class=\"wp-block-heading\">C. Daten-Hosting<\/h3>\n\n\n\n<p>Die FFL-Website wird von Visual Online gehostet, dessen Hauptsitz sich unter der folgenden Adresse befindet: Z.I. Weiergewan &#8211; 6, rue Goell L-5326 Contern, Luxemburg<\/p>\n\n\n\n<p>Der Gastgeber ist unter der folgenden Telefonnummer zu erreichen: 42 44 11 &#8211; 1<\/p>\n\n\n\n<h2 class=\"wp-block-heading\">Artikel 3 &#8211; Verantwortlich f\u00fcr die Datenverarbeitung<\/h2>\n\n\n\n<h3 class=\"wp-block-heading\">A. Der f\u00fcr die Datenverarbeitung Verantwortliche<\/h3>\n\n\n\n<p>Die Verantwortung f\u00fcr die Verarbeitung von Personendaten liegt bei der Leitung des FFL. Sie kann unter folgender Adresse kontaktiert werden: <a rel=\"noreferrer noopener\" href=\"mailto:direction@ffl.lu\" target=\"_blank\">direction@ffl.lu<\/a>\u00a0<\/p>\n\n\n\n<p>Der f\u00fcr die Datenverarbeitung Verantwortliche ist f\u00fcr die Bestimmung der Zwecke und Mittel der Verarbeitung personenbezogener Daten verantwortlich.<\/p>\n\n\n\n<h3 class=\"wp-block-heading\">B. Pflichten des f\u00fcr die Datenverarbeitung Verantwortlichen<\/h3>\n\n\n\n<p>Der Inhaber der Datenverarbeitung verpflichtet sich, die gesammelten pers\u00f6nlichen Daten zu sch\u00fctzen, sie nicht ohne Wissen des Benutzers an Dritte weiterzugeben und die Zwecke, f\u00fcr die die Daten gesammelt wurden, zu respektieren.<\/p>\n\n\n\n<p>Dar\u00fcber hinaus verpflichtet sich der f\u00fcr die Datenverarbeitung Verantwortliche, den Benutzer im Falle einer Berichtigung oder L\u00f6schung der Daten zu benachrichtigen, es sei denn, dies w\u00fcrde unverh\u00e4ltnism\u00e4\u00dfige Formalit\u00e4ten, Kosten und Schritte erfordern.<\/p>\n\n\n\n<p>F\u00fcr den Fall, dass die Integrit\u00e4t, Vertraulichkeit oder Sicherheit der pers\u00f6nlichen Daten des Benutzers beeintr\u00e4chtigt wird, verpflichtet sich der f\u00fcr die Datenverarbeitung Verantwortliche, den Benutzer mit allen Mitteln zu informieren.<\/p>\n<\/div><\/div>\n\n\n\n<div class=\"wp-block-group container-sec container--small\"><div class=\"wp-block-group__inner-container is-layout-flow wp-block-group-is-layout-flow\">\n<h2 class=\"wp-block-heading\"><strong>Artikel 4 &#8211;\u00a0 Rechte des Benutzers<\/strong><\/h2>\n\n\n\n<p>Gem\u00e4ss den Bestimmungen hat der Benutzer die unten aufgef\u00fchrten Rechte.<\/p>\n\n\n\n<p>Damit der f\u00fcr die Datenverarbeitung Verantwortliche seiner Aufforderung nachkommen kann, muss der Benutzer ihm seinen Vor- und Nachnamen sowie seine E-Mail- oder Postadresse mitteilen.<\/p>\n\n\n\n<p>Der Inhaber der Datenverarbeitung ist verpflichtet, dem Benutzer innerhalb von maximal 30 (drei\u00dfig) Tagen zu antworten.<\/p>\n\n\n\n<h3 class=\"wp-block-heading\">A. Darstellung der Rechte<\/h3>\n\n\n\n<h4 class=\"wp-block-heading\"><strong><em>a. Zugangsrechte <\/em><\/strong><\/h4>\n\n\n\n<p>Der Benutzer kann die ihn betreffenden Daten lesen, aktualisieren, \u00e4ndern oder deren L\u00f6schung beantragen.<\/p>\n\n\n\n<h4 class=\"wp-block-heading\"><strong>b. <em>Recht auf Datenportabilit\u00e4t<\/em><\/strong><\/h4>\n\n\n\n<p>Der Benutzer hat das Recht, die \u00dcbertragbarkeit seiner pers\u00f6nlichen Daten, die sich im Besitz der Website befinden, auf eine andere Website zu verlangen.<\/p>\n\n\n\n<h4 class=\"wp-block-heading\"><strong>c. <em style=\"font-weight: bold;\">Recht, die Verarbeitung von Daten einzuschr\u00e4nken und abzulehnen<\/em><\/strong><\/h4>\n\n\n\n<p>Der Benutzer hat das Recht, die Einschr\u00e4nkung zu verlangen oder sich der Verarbeitung seiner Daten durch die Website zu widersetzen, ohne dass die Website dies ablehnen kann, es sei denn, sie kann das Vorhandensein legitimer und zwingender Gr\u00fcnde nachweisen, die den Interessen sowie den Rechten und Freiheiten des Benutzers \u00fcbergeordnet sind.<\/p>\n\n\n\n<h4 class=\"wp-block-heading\"><strong>d. <em>Recht, nicht Gegenstand einer Entscheidung zu sein, die ausschlie\u00dflich auf einem automatisierten Verfahren beruht<\/em><\/strong><\/h4>\n\n\n\n<p>Gem\u00e4\u00df den Bestimmungen der Verordnung hat der Nutzer das Recht, nicht einer Entscheidung unterworfen zu werden, die ausschlie\u00dflich auf einem automatisierten Verfahren beruht, wenn die Entscheidung Rechtswirkungen f\u00fcr ihn erzeugt oder ihn in \u00e4hnlicher Weise erheblich beeintr\u00e4chtigt.<\/p>\n\n\n\n<h4 class=\"wp-block-heading\"><strong>e. <em>Recht, \u00fcber das Schicksal von Daten nach dem Tod zu entscheiden<\/em><\/strong><\/h4>\n\n\n\n<p>Der Benutzer wird daran erinnert, dass er organisieren kann, was im Falle seines Todes mit seinen gesammelten und verarbeiteten Daten geschehen soll.<\/p>\n\n\n\n<h4 class=\"wp-block-heading\"><strong>f. <em>Recht, die Angelegenheit an die zust\u00e4ndige Aufsichtsbeh\u00f6rde zu verweisen<\/em><\/strong><\/h4>\n\n\n\n<p>F\u00fcr den Fall, dass der f\u00fcr die Verarbeitung Verantwortliche beschlie\u00dft, auf die Anfrage des Benutzers nicht zu antworten, und der Benutzer diese Entscheidung anfechten m\u00f6chte, oder wenn er der Ansicht ist, dass eines der oben aufgef\u00fchrten Rechte verletzt wird, ist er berechtigt, die Angelegenheit an die zust\u00e4ndige Beh\u00f6rde oder einen zust\u00e4ndigen Richter zu verweisen.<\/p>\n\n\n\n<h2 class=\"wp-block-heading\"><strong>Artikel 5 &#8211; Verwendung von &#8222;Cookies&#8220;-Dateien<\/strong><\/h2>\n\n\n\n<p>Die Website verwendet &#8222;Cookie&#8220;-Techniken.<\/p>\n\n\n\n<p>Ein &#8222;Cookie&#8220; ist eine kleine Datei (weniger als 4 KB), die von der Website auf der Festplatte des Benutzers gespeichert wird und Informationen \u00fcber die Surfgewohnheiten des Benutzers enth\u00e4lt.<\/p>\n\n\n\n<p>Diese Dateien erm\u00f6glichen es ihm, Statistiken und Verkehrsinformationen zu verarbeiten, die Navigation zu erleichtern und den Service f\u00fcr den Benutzer zu verbessern.<\/p>\n\n\n\n<p>F\u00fcr die Verwendung von &#8222;Cookie&#8220;-Dateien, die die Speicherung und Analyse von pers\u00f6nlichen Daten beinhalten, ist die Zustimmung des Benutzers erforderlich.<\/p>\n\n\n\n<p>Diese Zustimmung des Benutzers gilt f\u00fcr maximal 13 (dreizehn) Monate. Nach Ablauf dieser Frist wird die Website den Benutzer erneut um die Genehmigung bitten, &#8222;Cookie&#8220;-Dateien auf seiner Festplatte zu speichern.<\/p>\n\n\n\n<h3 class=\"wp-block-heading\">A. <strong>Opposition der Benutzer<\/strong><\/h3>\n\n\n\n<p>Der Benutzer wird darauf aufmerksam gemacht, dass er sich der Aufzeichnung dieser &#8222;Cookie&#8220;-Dateien widersetzen kann, indem er seine Browser-Software konfiguriert.<\/p>\n\n\n\n<p>Zur Information kann der Benutzer unter den folgenden Adressen die Schritte finden, die zu befolgen sind, um seinen Browser so zu konfigurieren, dass er die Registrierung von &#8222;Cookies&#8220;-Dateien ablehnt:<\/p>\n\n\n\n<ul class=\"wp-block-list\"><li>Chrome : <a href=\"https:\/\/support.google.com\/accounts\/answer\/61416?hl=fr\" target=\"_blank\" rel=\"noreferrer noopener\">https:\/\/support.google.com\/accounts\/answer\/61416?hl=fr<\/a><\/li><li>Firefox : <a href=\"https:\/\/support.mozilla.org\/fr\/kb\/enable-and-disable-cookies-website-preferences\" target=\"_blank\" rel=\"noreferrer noopener\">https:\/\/support.mozilla.org\/fr\/kb\/enable-and-disable-cookies-website-preferences<\/a>&nbsp;<\/li><li>Safari : <a href=\"http:\/\/www.apple.com\/legal\/privacy\/fr-ww\/\" target=\"_blank\" rel=\"noreferrer noopener\">http:\/\/www.apple.com\/legal\/privacy\/fr-ww\/<\/a>&nbsp;&nbsp;<\/li><li>Internet Explorer : <a href=\"https:\/\/support.microsoft.com\/fr-fr\/help\/17442\/windows-internet-explorer-delete-manage-cookies\" target=\"_blank\" rel=\"noreferrer noopener\">https:\/\/support.microsoft.com\/fr-fr\/help\/17442\/windows-internet-explorer-delete-manage-cookies<\/a>&nbsp;<\/li><li>Opera : <a href=\"http:\/\/www.opera.com\/help\/tutorials\/security\/cookies\" target=\"_blank\" rel=\"noreferrer noopener\">http:\/\/www.opera.com\/help\/tutorials\/security\/cookies<\/a>&nbsp;<\/li><\/ul>\n\n\n\n<p>Wenn sich der Benutzer entscheidet, die &#8222;Cookies&#8220;-Dateien zu deaktivieren, kann er weiterhin auf der Website surfen. Jegliche Fehlfunktion der Website, die durch diese Manipulation verursacht wurde, konnte jedoch nicht als auf den Website-Herausgeber zur\u00fcckzuf\u00fchren angesehen werden.<\/p>\n\n\n\n<h2 class=\"wp-block-heading\"><strong>Artikel 6 &#8211; Websites Dritter<\/strong><\/h2>\n\n\n\n<p>Auf unseren Websites erscheinen mehrere Links zu Websites Dritter. Wir m\u00f6chten Sie darauf aufmerksam machen, dass diese Websites ihre eigenen Datenschutzrichtlinien und allgemeinen Nutzungsbedingungen haben, die von der Website abweichen k\u00f6nnen. Wir laden Sie daher ein, die Datenschutzrichtlinien dieser Websites zu konsultieren.<\/p>\n\n\n\n<p>Dar\u00fcber hinaus integriert die Website Schaltfl\u00e4chen f\u00fcr soziale Netzwerke. Wir weisen Sie daher darauf hin, dass bei der Nutzung dieser Funktionen wahrscheinlich &#8222;Cookies&#8220;-Dateien aus diesen sozialen Netzwerken auf Ihrem Computer gespeichert werden.<\/p>\n\n\n\n<h2 class=\"wp-block-heading\"><strong>Artikel 7 &#8211; Bedingungen f\u00fcr die \u00c4nderung<\/strong><\/h2>\n\n\n\n<p>Diese Datenschutzerkl\u00e4rung kann jederzeit unter der unten angegebenen Adresse eingesehen werden: <a rel=\"noreferrer noopener\" href=\"https:\/\/www.ffl.lu\/politique-de-confidentialite\" target=\"_blank\">https:\/\/www.ffl.lu\/politique-de-confidentialite<\/a>\u00a0<\/p>\n\n\n\n<p>Der Herausgeber der Website beh\u00e4lt sich das Recht vor, sie zu \u00e4ndern, um ihre \u00dcbereinstimmung mit dem geltenden Recht zu gew\u00e4hrleisten.<\/p>\n\n\n\n<p>Daher laden wir Sie ein, diese Datenschutzrichtlinie regelm\u00e4\u00dfig zu konsultieren, um Sie \u00fcber die neuesten \u00c4nderungen zu informieren, die an ihr vorgenommen werden.<\/p>\n\n\n\n<p><em>Letzte Aktualisierung durchgef\u00fchrt in Strassen am 26\/05\/2020<\/em><\/p>\n<\/div><\/div>\n","protected":false},"excerpt":{"rendered":"<p>Fondation Follereau Luxembourg SCR-NR.: G2Rechtsform: Gemeinn\u00fctzige Vereinigung nach luxemburgischem RechtDatum der Gr\u00fcndung: 07\/12\/1966\u00a0Hauptgesch\u00e4ftsstelle: 204, route d\u2019Arlon L-8010 StrassenE-mail: info@ffl.lu Artikel 1 &#8211; Pr\u00e4ambel Um Ihre Daten besser zu sch\u00fctzen, verpflichtet [&hellip;]<\/p>\n","protected":false},"author":1,"featured_media":0,"parent":0,"menu_order":0,"comment_status":"closed","ping_status":"open","template":"","meta":{"_acf_changed":false,"footnotes":""},"class_list":["post-3858","page","type-page","status-publish","hentry"],"acf":[],"yoast_head":"<!-- This site is optimized with the Yoast SEO plugin v27.1.1 - https:\/\/yoast.com\/product\/yoast-seo-wordpress\/ -->\n<title>Datenschutzerkl\u00e4rung - Fondation Follereau Luxembourg<\/title>\n<meta name=\"robots\" content=\"index, follow, max-snippet:-1, max-image-preview:large, max-video-preview:-1\" \/>\n<link rel=\"canonical\" href=\"https:\/\/ffl.lu\/de\/politique-de-confidentialite\/\" \/>\n<meta property=\"og:locale\" content=\"de_DE\" \/>\n<meta property=\"og:type\" content=\"article\" \/>\n<meta property=\"og:title\" content=\"Datenschutzerkl\u00e4rung - Fondation Follereau Luxembourg\" \/>\n<meta property=\"og:description\" content=\"Fondation Follereau Luxembourg SCR-NR.: G2Rechtsform: Gemeinn\u00fctzige Vereinigung nach luxemburgischem RechtDatum der Gr\u00fcndung: 07\/12\/1966\u00a0Hauptgesch\u00e4ftsstelle: 204, route d\u2019Arlon L-8010 StrassenE-mail: info@ffl.lu Artikel 1 &#8211; Pr\u00e4ambel Um Ihre Daten besser zu sch\u00fctzen, verpflichtet [&hellip;]\" \/>\n<meta property=\"og:url\" content=\"https:\/\/ffl.lu\/de\/politique-de-confidentialite\/\" \/>\n<meta property=\"og:site_name\" content=\"Fondation Follereau Luxembourg\" \/>\n<meta property=\"article:modified_time\" content=\"2020-06-25T15:09:57+00:00\" \/>\n<meta property=\"og:image\" content=\"https:\/\/ffl.lu\/wp-content\/uploads\/2020\/03\/PeK_97109-Square@2x.jpg\" \/>\n\t<meta property=\"og:image:width\" content=\"1932\" \/>\n\t<meta property=\"og:image:height\" content=\"1932\" \/>\n\t<meta property=\"og:image:type\" content=\"image\/jpeg\" \/>\n<meta name=\"twitter:card\" content=\"summary_large_image\" \/>\n<meta name=\"twitter:label1\" content=\"Gesch\u00e4tzte Lesezeit\" \/>\n\t<meta name=\"twitter:data1\" content=\"8\u00a0Minuten\" \/>\n<script type=\"application\/ld+json\" class=\"yoast-schema-graph\">{\"@context\":\"https:\/\/schema.org\",\"@graph\":[{\"@type\":\"WebPage\",\"@id\":\"https:\/\/ffl.lu\/de\/politique-de-confidentialite\/\",\"url\":\"https:\/\/ffl.lu\/de\/politique-de-confidentialite\/\",\"name\":\"Datenschutzerkl\u00e4rung - Fondation Follereau Luxembourg\",\"isPartOf\":{\"@id\":\"https:\/\/ffl.lu\/de\/#website\"},\"datePublished\":\"2020-02-03T19:09:08+00:00\",\"dateModified\":\"2020-06-25T15:09:57+00:00\",\"breadcrumb\":{\"@id\":\"https:\/\/ffl.lu\/de\/politique-de-confidentialite\/#breadcrumb\"},\"inLanguage\":\"de\",\"potentialAction\":[{\"@type\":\"ReadAction\",\"target\":[\"https:\/\/ffl.lu\/de\/politique-de-confidentialite\/\"]}]},{\"@type\":\"BreadcrumbList\",\"@id\":\"https:\/\/ffl.lu\/de\/politique-de-confidentialite\/#breadcrumb\",\"itemListElement\":[{\"@type\":\"ListItem\",\"position\":1,\"name\":\"Home\",\"item\":\"https:\/\/ffl.lu\/de\/\"},{\"@type\":\"ListItem\",\"position\":2,\"name\":\"Datenschutzerkl\u00e4rung\"}]},{\"@type\":\"WebSite\",\"@id\":\"https:\/\/ffl.lu\/de\/#website\",\"url\":\"https:\/\/ffl.lu\/de\/\",\"name\":\"Fondation Follereau Luxembourg\",\"description\":\"Tout seul, on va vite. Ensemble, on va plus loin\",\"potentialAction\":[{\"@type\":\"SearchAction\",\"target\":{\"@type\":\"EntryPoint\",\"urlTemplate\":\"https:\/\/ffl.lu\/de\/?s={search_term_string}\"},\"query-input\":{\"@type\":\"PropertyValueSpecification\",\"valueRequired\":true,\"valueName\":\"search_term_string\"}}],\"inLanguage\":\"de\"}]}<\/script>\n<!-- \/ Yoast SEO plugin. -->","yoast_head_json":{"title":"Datenschutzerkl\u00e4rung - Fondation Follereau Luxembourg","robots":{"index":"index","follow":"follow","max-snippet":"max-snippet:-1","max-image-preview":"max-image-preview:large","max-video-preview":"max-video-preview:-1"},"canonical":"https:\/\/ffl.lu\/de\/politique-de-confidentialite\/","og_locale":"de_DE","og_type":"article","og_title":"Datenschutzerkl\u00e4rung - Fondation Follereau Luxembourg","og_description":"Fondation Follereau Luxembourg SCR-NR.: G2Rechtsform: Gemeinn\u00fctzige Vereinigung nach luxemburgischem RechtDatum der Gr\u00fcndung: 07\/12\/1966\u00a0Hauptgesch\u00e4ftsstelle: 204, route d\u2019Arlon L-8010 StrassenE-mail: info@ffl.lu Artikel 1 &#8211; Pr\u00e4ambel Um Ihre Daten besser zu sch\u00fctzen, verpflichtet [&hellip;]","og_url":"https:\/\/ffl.lu\/de\/politique-de-confidentialite\/","og_site_name":"Fondation Follereau Luxembourg","article_modified_time":"2020-06-25T15:09:57+00:00","og_image":[{"width":1932,"height":1932,"url":"https:\/\/ffl.lu\/wp-content\/uploads\/2020\/03\/PeK_97109-Square@2x.jpg","type":"image\/jpeg"}],"twitter_card":"summary_large_image","twitter_misc":{"Gesch\u00e4tzte Lesezeit":"8\u00a0Minuten"},"schema":{"@context":"https:\/\/schema.org","@graph":[{"@type":"WebPage","@id":"https:\/\/ffl.lu\/de\/politique-de-confidentialite\/","url":"https:\/\/ffl.lu\/de\/politique-de-confidentialite\/","name":"Datenschutzerkl\u00e4rung - Fondation Follereau Luxembourg","isPartOf":{"@id":"https:\/\/ffl.lu\/de\/#website"},"datePublished":"2020-02-03T19:09:08+00:00","dateModified":"2020-06-25T15:09:57+00:00","breadcrumb":{"@id":"https:\/\/ffl.lu\/de\/politique-de-confidentialite\/#breadcrumb"},"inLanguage":"de","potentialAction":[{"@type":"ReadAction","target":["https:\/\/ffl.lu\/de\/politique-de-confidentialite\/"]}]},{"@type":"BreadcrumbList","@id":"https:\/\/ffl.lu\/de\/politique-de-confidentialite\/#breadcrumb","itemListElement":[{"@type":"ListItem","position":1,"name":"Home","item":"https:\/\/ffl.lu\/de\/"},{"@type":"ListItem","position":2,"name":"Datenschutzerkl\u00e4rung"}]},{"@type":"WebSite","@id":"https:\/\/ffl.lu\/de\/#website","url":"https:\/\/ffl.lu\/de\/","name":"Fondation Follereau Luxembourg","description":"Tout seul, on va vite. Ensemble, on va plus loin","potentialAction":[{"@type":"SearchAction","target":{"@type":"EntryPoint","urlTemplate":"https:\/\/ffl.lu\/de\/?s={search_term_string}"},"query-input":{"@type":"PropertyValueSpecification","valueRequired":true,"valueName":"search_term_string"}}],"inLanguage":"de"}]}},"_links":{"self":[{"href":"https:\/\/ffl.lu\/de\/wp-json\/wp\/v2\/pages\/3858","targetHints":{"allow":["GET"]}}],"collection":[{"href":"https:\/\/ffl.lu\/de\/wp-json\/wp\/v2\/pages"}],"about":[{"href":"https:\/\/ffl.lu\/de\/wp-json\/wp\/v2\/types\/page"}],"author":[{"embeddable":true,"href":"https:\/\/ffl.lu\/de\/wp-json\/wp\/v2\/users\/1"}],"replies":[{"embeddable":true,"href":"https:\/\/ffl.lu\/de\/wp-json\/wp\/v2\/comments?post=3858"}],"version-history":[{"count":1,"href":"https:\/\/ffl.lu\/de\/wp-json\/wp\/v2\/pages\/3858\/revisions"}],"predecessor-version":[{"id":3860,"href":"https:\/\/ffl.lu\/de\/wp-json\/wp\/v2\/pages\/3858\/revisions\/3860"}],"wp:attachment":[{"href":"https:\/\/ffl.lu\/de\/wp-json\/wp\/v2\/media?parent=3858"}],"curies":[{"name":"wp","href":"https:\/\/api.w.org\/{rel}","templated":true}]}}