{"id":3500,"date":"2020-03-11T13:52:23","date_gmt":"2020-03-11T13:52:23","guid":{"rendered":"https:\/\/www.ffl.lu\/sengager\/education-au-developpement\/"},"modified":"2024-01-02T16:15:37","modified_gmt":"2024-01-02T15:15:37","slug":"education-au-developpement","status":"publish","type":"page","link":"https:\/\/ffl.lu\/de\/sengager\/education-au-developpement\/","title":{"rendered":"Globales Lernen"},"content":{"rendered":"\n<div class=\"wp-block-group container-sec container--small\"><div class=\"wp-block-group__inner-container is-layout-flow wp-block-group-is-layout-flow\">\n<p><strong>Inspiriert von der Arbeit Raoul Follereaus, setzt sich die Fondation Follereau Luxembourg seit ihrer Gr\u00fcndung am 7. Dezember 1966 im Streben nach F\u00f6rderung der menschlichen Solidarit\u00e4t f\u00fcr den Widerstand gegen alle Formen der Ausgrenzung ein. Daraus ergibt sich das Leitmotiv der NGO: sich f\u00fcr die nachhaltige Eingliederung schutzbed\u00fcrftiger Personengruppen, insbesondere von Frauen, Kindern und Jugendlichen in verschiedenen afrikanischen Kulturen, einzusetzen, um deren Lebensbedingungen und die der zuk\u00fcnftigen Generationen wirksam zu verbessern. <\/strong><\/p>\n\n\n\n<div class=\"wp-block-media-text alignwide has-media-on-the-right is-stacked-on-mobile is-vertically-aligned-top\"><div class=\"wp-block-media-text__content\">\n<div class=\"wp-block-columns is-layout-flex wp-container-core-columns-is-layout-9d6595d7 wp-block-columns-is-layout-flex\">\n<div class=\"wp-block-column is-layout-flow wp-block-column-is-layout-flow\">\n<p>Die Stiftung arbeitet f\u00fcr und vor allem<br>mit den Gemeinschaften, die durch die Projekte \u00fcber afrikanische Partnerorganisationen unterst\u00fctzt werden, unter Ber\u00fccksichtigung des jeweiligen lokalen Kontexts. <\/p>\n<\/div>\n\n\n\n<div class=\"wp-block-column is-layout-flow wp-block-column-is-layout-flow\">\n<p>Die Projektbeg\u00fcnstigten stehen im Mittelpunkt ihrer Bem\u00fchungen und werden zu Mitwirkenden an diesem Wandel. <\/p>\n<\/div>\n<\/div>\n<\/div><figure class=\"wp-block-media-text__media\"><img loading=\"lazy\" decoding=\"async\" width=\"1280\" height=\"1280\" src=\"https:\/\/ffl.lu\/wp-content\/uploads\/2020\/02\/DSC03601.jpg\" alt=\"Espace Socio-Educatif du CIPSA-EH \u00e0 Allada \" class=\"wp-image-1132 size-full\" srcset=\"https:\/\/ffl.lu\/wp-content\/uploads\/2020\/02\/DSC03601.jpg 1280w, https:\/\/ffl.lu\/wp-content\/uploads\/2020\/02\/DSC03601-800x800.jpg 800w\" sizes=\"auto, (max-width: 1280px) 100vw, 1280px\" \/><\/figure><\/div>\n\n\n\n<p>Zus\u00e4tzlich zu ihren Aktivit\u00e4ten auf dem afrikanischen Kontinent f\u00fchrt die Stiftung in Luxemburg und der Gro\u00dfregion Sensibilisierungs- und Lernaktivit\u00e4ten zum Thema Global Citizenship (ECM\/S) durch, um Informationen \u00fcber die Ziele f\u00fcr nachhaltige Entwicklung (SDGs) und die Aktionen der Fondation Follereau im S\u00fcden zu vermitteln und den Interessierten einen Toolkit zur Verf\u00fcgung zu stellen, der sie ermutigt, den Wandel f\u00fcr eine nachhaltigere und gerechtere Welt mitzugestalten.<\/p>\n\n\n\n<div class=\"wp-block-media-text alignwide is-stacked-on-mobile is-vertically-aligned-top\"><figure class=\"wp-block-media-text__media\"><img loading=\"lazy\" decoding=\"async\" width=\"1280\" height=\"1280\" src=\"https:\/\/www.ffl.lu\/wp-content\/uploads\/2020\/03\/IMG_5133-COTEDiVOiRE.jpg\" alt=\"Prise en charge des enfants des rues de Bouak\u00e9\" class=\"wp-image-963 size-full\" srcset=\"https:\/\/ffl.lu\/wp-content\/uploads\/2020\/03\/IMG_5133-COTEDiVOiRE.jpg 1280w, https:\/\/ffl.lu\/wp-content\/uploads\/2020\/03\/IMG_5133-COTEDiVOiRE-800x800.jpg 800w\" sizes=\"auto, (max-width: 1280px) 100vw, 1280px\" \/><\/figure><div class=\"wp-block-media-text__content\">\n<div class=\"wp-block-columns is-layout-flex wp-container-core-columns-is-layout-9d6595d7 wp-block-columns-is-layout-flex\">\n<div class=\"wp-block-column is-layout-flow wp-block-column-is-layout-flow\">\n<p>In diesem Zusammenhang werden von den Mitarbeitern der Stiftung regelm\u00e4\u00dfig Workshops in Schulen, bei \u00f6ffentlichen Veranstaltungen oder auf Anfrage von Jugendclubs und Kindertagesst\u00e4tten oder Seniorenheimen angeboten. <\/p>\n<\/div>\n\n\n\n<div class=\"wp-block-column is-layout-flow wp-block-column-is-layout-flow\">\n<p>Die Aktivit\u00e4ten sind so angelegt, dass sie sich f\u00fcr verschiedene Zielgruppen sowohl f\u00fcr die Kleinsten als auch f\u00fcr die \u00e4lteren Mitmenschen anpassen lassen.<\/p>\n<\/div>\n<\/div>\n<\/div><\/div>\n\n\n\n<p>Die Stiftung arbeitet zudem auch verst\u00e4rkt im Konsortium mit anderen Nichtregierungsorganisationen zusammen oder organisiert Sensibilisierungskampagnen, Filmvorstellungen, Ausstellungen oder andere Events zu bestimmten Themen. <\/p>\n\n\n\n<p>Diese Seite bietet Ihnen einen kurzen \u00dcberblick \u00fcber die p\u00e4dagogischen Angebote der Stiftung an. Eine Angebots\u00fcbersicht ist auf Anfrage bei Liz Hof, Beauftragte f\u00fcr Sensibilisierung und Kooperationsprojekte bei der Follereau-Stiftung, erh\u00e4ltlich:<br><em>sensibilisation@ffl.lu<br>+352 44 66 06 42<\/em><\/p>\n\n\n\n<p><strong>Die Teilnahme ist kostenlos und die Workshops k\u00f6nnen in Luxemburgs g\u00e4ngigen Sprachen angeboten werden.<\/strong><\/p>\n\n\n\n<h3 class=\"wp-block-heading\"><strong>Ein Beispiel f\u00fcr einen Workshop?<\/strong><\/h3>\n\n\n\n<p><em>&#8222;Solidarit\u00e4t und Vorurteile&#8220; :<\/em><\/p>\n\n\n\n<p>Was ist ein Vorurteil und warum haben wir Vorurteile? Wie entstehen sie und wie kann man sie vermeiden? Dieser Workshop l\u00e4dt junge Erwachsene dazu ein, erst zu \u00fcberlegen und dann zu versuchen zu verstehen, warum ein Vorurteil entstanden ist. Au\u00dferdem wird erkl\u00e4rt, dass unsere Wahrnehmung der Welt subjektiv ist und stark von unserer Umgebung beeinflusst wird. Anhand einiger Reflexions\u00fcbungen werden die Sch\u00fclerinnen und Sch\u00fcler auch mit Konzepten wie Eurozentrismus, Solidarit\u00e4t, Diskriminierung, Stereotypen und sozialer Kategorisierung vertraut gemacht.<\/p>\n\n\n\n<p><em>Dauer: 100 Minuten.<\/em><br><em>Zielgruppe: ab 15 Jahren.<\/em><br><em>Sprachen: LU<\/em>, DE und FR<\/p>\n<\/div><\/div>\n","protected":false},"excerpt":{"rendered":"<p>Inspiriert von der Arbeit Raoul Follereaus, setzt sich die Fondation Follereau Luxembourg seit ihrer Gr\u00fcndung am 7. Dezember 1966 im Streben nach F\u00f6rderung der menschlichen Solidarit\u00e4t f\u00fcr den Widerstand gegen [&hellip;]<\/p>\n","protected":false},"author":3,"featured_media":0,"parent":3490,"menu_order":0,"comment_status":"closed","ping_status":"closed","template":"","meta":{"_acf_changed":false,"footnotes":""},"class_list":["post-3500","page","type-page","status-publish","hentry"],"acf":[],"yoast_head":"<!-- This site is optimized with the Yoast SEO plugin v27.1.1 - https:\/\/yoast.com\/product\/yoast-seo-wordpress\/ -->\n<title>Globales Lernen - Fondation Follereau Luxembourg<\/title>\n<meta name=\"robots\" content=\"index, follow, max-snippet:-1, max-image-preview:large, max-video-preview:-1\" \/>\n<link rel=\"canonical\" href=\"https:\/\/ffl.lu\/de\/sengager\/education-au-developpement\/\" \/>\n<meta property=\"og:locale\" content=\"de_DE\" \/>\n<meta property=\"og:type\" content=\"article\" \/>\n<meta property=\"og:title\" content=\"Globales Lernen - Fondation Follereau Luxembourg\" \/>\n<meta property=\"og:description\" content=\"Inspiriert von der Arbeit Raoul Follereaus, setzt sich die Fondation Follereau Luxembourg seit ihrer Gr\u00fcndung am 7. Dezember 1966 im Streben nach F\u00f6rderung der menschlichen Solidarit\u00e4t f\u00fcr den Widerstand gegen [&hellip;]\" \/>\n<meta property=\"og:url\" content=\"https:\/\/ffl.lu\/de\/sengager\/education-au-developpement\/\" \/>\n<meta property=\"og:site_name\" content=\"Fondation Follereau Luxembourg\" \/>\n<meta property=\"article:modified_time\" content=\"2024-01-02T15:15:37+00:00\" \/>\n<meta property=\"og:image\" content=\"https:\/\/ffl.lu\/wp-content\/uploads\/2020\/02\/DSC03601.jpg\" \/>\n<meta name=\"twitter:card\" content=\"summary_large_image\" \/>\n<meta name=\"twitter:label1\" content=\"Gesch\u00e4tzte Lesezeit\" \/>\n\t<meta name=\"twitter:data1\" content=\"3\u00a0Minuten\" \/>\n<script type=\"application\/ld+json\" class=\"yoast-schema-graph\">{\"@context\":\"https:\/\/schema.org\",\"@graph\":[{\"@type\":\"WebPage\",\"@id\":\"https:\/\/ffl.lu\/de\/sengager\/education-au-developpement\/\",\"url\":\"https:\/\/ffl.lu\/de\/sengager\/education-au-developpement\/\",\"name\":\"Globales Lernen - Fondation Follereau Luxembourg\",\"isPartOf\":{\"@id\":\"https:\/\/ffl.lu\/de\/#website\"},\"primaryImageOfPage\":{\"@id\":\"https:\/\/ffl.lu\/de\/sengager\/education-au-developpement\/#primaryimage\"},\"image\":{\"@id\":\"https:\/\/ffl.lu\/de\/sengager\/education-au-developpement\/#primaryimage\"},\"thumbnailUrl\":\"https:\/\/ffl.lu\/wp-content\/uploads\/2020\/02\/DSC03601.jpg\",\"datePublished\":\"2020-03-11T13:52:23+00:00\",\"dateModified\":\"2024-01-02T15:15:37+00:00\",\"breadcrumb\":{\"@id\":\"https:\/\/ffl.lu\/de\/sengager\/education-au-developpement\/#breadcrumb\"},\"inLanguage\":\"de\",\"potentialAction\":[{\"@type\":\"ReadAction\",\"target\":[\"https:\/\/ffl.lu\/de\/sengager\/education-au-developpement\/\"]}]},{\"@type\":\"ImageObject\",\"inLanguage\":\"de\",\"@id\":\"https:\/\/ffl.lu\/de\/sengager\/education-au-developpement\/#primaryimage\",\"url\":\"https:\/\/ffl.lu\/wp-content\/uploads\/2020\/02\/DSC03601.jpg\",\"contentUrl\":\"https:\/\/ffl.lu\/wp-content\/uploads\/2020\/02\/DSC03601.jpg\"},{\"@type\":\"BreadcrumbList\",\"@id\":\"https:\/\/ffl.lu\/de\/sengager\/education-au-developpement\/#breadcrumb\",\"itemListElement\":[{\"@type\":\"ListItem\",\"position\":1,\"name\":\"Home\",\"item\":\"https:\/\/ffl.lu\/de\/\"},{\"@type\":\"ListItem\",\"position\":2,\"name\":\"Sich engagieren\",\"item\":\"https:\/\/ffl.lu\/de\/sengager\/\"},{\"@type\":\"ListItem\",\"position\":3,\"name\":\"Globales Lernen\"}]},{\"@type\":\"WebSite\",\"@id\":\"https:\/\/ffl.lu\/de\/#website\",\"url\":\"https:\/\/ffl.lu\/de\/\",\"name\":\"Fondation Follereau Luxembourg\",\"description\":\"Tout seul, on va vite. Ensemble, on va plus loin\",\"potentialAction\":[{\"@type\":\"SearchAction\",\"target\":{\"@type\":\"EntryPoint\",\"urlTemplate\":\"https:\/\/ffl.lu\/de\/?s={search_term_string}\"},\"query-input\":{\"@type\":\"PropertyValueSpecification\",\"valueRequired\":true,\"valueName\":\"search_term_string\"}}],\"inLanguage\":\"de\"}]}<\/script>\n<!-- \/ Yoast SEO plugin. -->","yoast_head_json":{"title":"Globales Lernen - Fondation Follereau Luxembourg","robots":{"index":"index","follow":"follow","max-snippet":"max-snippet:-1","max-image-preview":"max-image-preview:large","max-video-preview":"max-video-preview:-1"},"canonical":"https:\/\/ffl.lu\/de\/sengager\/education-au-developpement\/","og_locale":"de_DE","og_type":"article","og_title":"Globales Lernen - Fondation Follereau Luxembourg","og_description":"Inspiriert von der Arbeit Raoul Follereaus, setzt sich die Fondation Follereau Luxembourg seit ihrer Gr\u00fcndung am 7. Dezember 1966 im Streben nach F\u00f6rderung der menschlichen Solidarit\u00e4t f\u00fcr den Widerstand gegen [&hellip;]","og_url":"https:\/\/ffl.lu\/de\/sengager\/education-au-developpement\/","og_site_name":"Fondation Follereau Luxembourg","article_modified_time":"2024-01-02T15:15:37+00:00","og_image":[{"url":"https:\/\/ffl.lu\/wp-content\/uploads\/2020\/02\/DSC03601.jpg","type":"","width":"","height":""}],"twitter_card":"summary_large_image","twitter_misc":{"Gesch\u00e4tzte Lesezeit":"3\u00a0Minuten"},"schema":{"@context":"https:\/\/schema.org","@graph":[{"@type":"WebPage","@id":"https:\/\/ffl.lu\/de\/sengager\/education-au-developpement\/","url":"https:\/\/ffl.lu\/de\/sengager\/education-au-developpement\/","name":"Globales Lernen - Fondation Follereau Luxembourg","isPartOf":{"@id":"https:\/\/ffl.lu\/de\/#website"},"primaryImageOfPage":{"@id":"https:\/\/ffl.lu\/de\/sengager\/education-au-developpement\/#primaryimage"},"image":{"@id":"https:\/\/ffl.lu\/de\/sengager\/education-au-developpement\/#primaryimage"},"thumbnailUrl":"https:\/\/ffl.lu\/wp-content\/uploads\/2020\/02\/DSC03601.jpg","datePublished":"2020-03-11T13:52:23+00:00","dateModified":"2024-01-02T15:15:37+00:00","breadcrumb":{"@id":"https:\/\/ffl.lu\/de\/sengager\/education-au-developpement\/#breadcrumb"},"inLanguage":"de","potentialAction":[{"@type":"ReadAction","target":["https:\/\/ffl.lu\/de\/sengager\/education-au-developpement\/"]}]},{"@type":"ImageObject","inLanguage":"de","@id":"https:\/\/ffl.lu\/de\/sengager\/education-au-developpement\/#primaryimage","url":"https:\/\/ffl.lu\/wp-content\/uploads\/2020\/02\/DSC03601.jpg","contentUrl":"https:\/\/ffl.lu\/wp-content\/uploads\/2020\/02\/DSC03601.jpg"},{"@type":"BreadcrumbList","@id":"https:\/\/ffl.lu\/de\/sengager\/education-au-developpement\/#breadcrumb","itemListElement":[{"@type":"ListItem","position":1,"name":"Home","item":"https:\/\/ffl.lu\/de\/"},{"@type":"ListItem","position":2,"name":"Sich engagieren","item":"https:\/\/ffl.lu\/de\/sengager\/"},{"@type":"ListItem","position":3,"name":"Globales Lernen"}]},{"@type":"WebSite","@id":"https:\/\/ffl.lu\/de\/#website","url":"https:\/\/ffl.lu\/de\/","name":"Fondation Follereau Luxembourg","description":"Tout seul, on va vite. Ensemble, on va plus loin","potentialAction":[{"@type":"SearchAction","target":{"@type":"EntryPoint","urlTemplate":"https:\/\/ffl.lu\/de\/?s={search_term_string}"},"query-input":{"@type":"PropertyValueSpecification","valueRequired":true,"valueName":"search_term_string"}}],"inLanguage":"de"}]}},"_links":{"self":[{"href":"https:\/\/ffl.lu\/de\/wp-json\/wp\/v2\/pages\/3500","targetHints":{"allow":["GET"]}}],"collection":[{"href":"https:\/\/ffl.lu\/de\/wp-json\/wp\/v2\/pages"}],"about":[{"href":"https:\/\/ffl.lu\/de\/wp-json\/wp\/v2\/types\/page"}],"author":[{"embeddable":true,"href":"https:\/\/ffl.lu\/de\/wp-json\/wp\/v2\/users\/3"}],"replies":[{"embeddable":true,"href":"https:\/\/ffl.lu\/de\/wp-json\/wp\/v2\/comments?post=3500"}],"version-history":[{"count":8,"href":"https:\/\/ffl.lu\/de\/wp-json\/wp\/v2\/pages\/3500\/revisions"}],"predecessor-version":[{"id":6400,"href":"https:\/\/ffl.lu\/de\/wp-json\/wp\/v2\/pages\/3500\/revisions\/6400"}],"up":[{"embeddable":true,"href":"https:\/\/ffl.lu\/de\/wp-json\/wp\/v2\/pages\/3490"}],"wp:attachment":[{"href":"https:\/\/ffl.lu\/de\/wp-json\/wp\/v2\/media?parent=3500"}],"curies":[{"name":"wp","href":"https:\/\/api.w.org\/{rel}","templated":true}]}}