{"id":3496,"date":"2020-03-11T13:48:48","date_gmt":"2020-03-11T13:48:48","guid":{"rendered":"https:\/\/www.ffl.lu\/sengager\/mobiliser-votre-entreprise\/"},"modified":"2024-09-02T11:45:58","modified_gmt":"2024-09-02T09:45:58","slug":"mobiliser-votre-entreprise","status":"publish","type":"page","link":"https:\/\/ffl.lu\/de\/sengager\/mobiliser-votre-entreprise\/","title":{"rendered":"Unternehmen"},"content":{"rendered":"\n<div class=\"wp-block-group container-sec container--small\"><div class=\"wp-block-group__inner-container is-layout-flow wp-block-group-is-layout-flow\">\n<p class=\"underline-text\"><strong>Sie sind als Unternehmen an einem einmaligen Beitrag\/Engagement f\u00fcr Projekte und Aktivit\u00e4ten der Fondation Follereau Luxembourg interessiert, suchen eine langfristige Partnerschaft oder m\u00f6chten einfach mehr wissen? Wir sind hier, um Sie zu beraten.<\/strong><\/p>\n\n\n\n<h3 class=\"wp-block-heading\"><strong>Wie k\u00f6nnen Sie Ihren Beitrag leisten?<\/strong><\/h3>\n\n\n\n<p>Wir als Team stehen Ihnen zur Verf\u00fcgung und sind offen, um gemeinsam eine Zusammenarbeit zu besprechen, die zu Ihnen passt; unsere Beteiligungsformen sind vielf\u00e4ltig und flexibel und die Investition ist aufgrund der bei der Verwaltung unserer Projekte gew\u00e4hlten Strategie nachhaltig.<\/p>\n\n\n\n<p>Ganz gleich, ob Ihr Interesse in finanzieller F\u00f6rderung, in Form von Sachspenden oder in der F\u00f6rderung von Fertigkeiten liegt, wir k\u00f6nnen gemeinsam den Ansatz veranschaulichen, den Sie verfolgen m\u00f6chten.<\/p>\n\n\n\n<h3 class=\"wp-block-heading\"><strong>Warum dazu beitragen?<\/strong><\/h3>\n\n\n\n<p>Die Stiftung ist seit fast 60 Jahren in Luxemburg pr\u00e4sent und profitiert von einer stabilen und dauerhaft gefestigten Struktur. Da wir uns der positiven Auswirkungen bewusst sind, die die Zusammenarbeit zwischen Nichtregierungsorganisationen und Unternehmen nicht nur f\u00fcr unsere Zielgruppen, sondern auch f\u00fcr die globale Gesellschaft, in der wir leben, darstellt, ist es uns wichtig, unsere Partnerschaften sichtbar zu machen. Auch wenn die Auswirkungen unserer Projekte in Afrika als offensichtlich erscheinen, ist es wichtig, die M\u00f6glichkeiten einer Zusammenarbeit in Luxemburg aufzuzeigen, angefangen bei Ihren Mitarbeitern.<\/p>\n\n\n\n<p>Selbstverst\u00e4ndlich stellt die Spende auch einen Steuervorteil f\u00fcr Unternehmen dar.<\/p>\n\n\n\n<p>Wir verfolgen einen partnerschaftlichen Ansatz, was bedeutet, dass unsere F\u00f6rderinnen und F\u00f6rderer einen besonderen Platz in unserem Umfeld einnehmen. Zudem legen wir Wert auf langfristige Beziehungen, die wir sowohl im kleinen als auch im gro\u00dfen Ma\u00dfstab entwickeln k\u00f6nnen.<\/p>\n\n\n\n<h3 class=\"wp-block-heading\"><strong><strong>Ein \u00dcberblick \u00fcber unsere Kooperationen?<\/strong><\/strong><\/h3>\n\n\n\n<p>Zum Beispiel haben wir ein partizipatives Unterst\u00fctzungsprogramm in Form einer Lohnabrundung eingerichtet, das den Mitarbeitern der Partnerunternehmen die M\u00f6glichkeit bietet, monatlich einige Euro zu spenden, indem sie ihr Gehalt auf den n\u00e4chsten Euro oder Zehntel Euro abrunden. Sowohl f\u00fcr unsere Partner, als auch f\u00fcr uns stellt dies eine einfache und effiziente Zusammenarbeit dar, die sich dennoch auf unsere Projekte auswirkt.<\/p>\n\n\n\n<p>Wir haben auch eine Form des Sachsponsorings etabliert, die die Spende von Computerausr\u00fcstung von mehreren Partnerorganisationen beinhaltet. Diese f\u00e4llt an, wenn ein Teil oder die gesamte Computerausr\u00fcstung ersetzt wird. Die Ger\u00e4tespende erm\u00f6glicht es uns, ausgew\u00e4hlten Schulen und deren Sch\u00fclern im Rahmen unseres Projekts \u201eMind The Gap&#8220; Kurse zur Computerkompetenz anzubieten.<\/p>\n\n\n\n<h4 class=\"wp-block-heading\">Kontakt<\/h4>\n\n\n\n<p><a href=\"mailto:mecenat@ffl.lu\" target=\"_blank\" rel=\"noreferrer noopener\">Lara Beauguerlange<\/a><br>Tel. : <a href=\"tel:0035244660633\">(+352) 446606-33<\/a><\/p>\n<\/div><\/div>\n","protected":false},"excerpt":{"rendered":"<p>Sie sind als Unternehmen an einem einmaligen Beitrag\/Engagement f\u00fcr Projekte und Aktivit\u00e4ten der Fondation Follereau Luxembourg interessiert, suchen eine langfristige Partnerschaft oder m\u00f6chten einfach mehr wissen? Wir sind hier, um [&hellip;]<\/p>\n","protected":false},"author":3,"featured_media":0,"parent":3490,"menu_order":0,"comment_status":"closed","ping_status":"closed","template":"","meta":{"_acf_changed":false,"footnotes":""},"class_list":["post-3496","page","type-page","status-publish","hentry"],"acf":[],"yoast_head":"<!-- This site is optimized with the Yoast SEO plugin v27.1.1 - https:\/\/yoast.com\/product\/yoast-seo-wordpress\/ -->\n<title>Unternehmen - Fondation Follereau Luxembourg<\/title>\n<meta name=\"robots\" content=\"index, follow, max-snippet:-1, max-image-preview:large, max-video-preview:-1\" \/>\n<link rel=\"canonical\" href=\"https:\/\/ffl.lu\/de\/sengager\/mobiliser-votre-entreprise\/\" \/>\n<meta property=\"og:locale\" content=\"de_DE\" \/>\n<meta property=\"og:type\" content=\"article\" \/>\n<meta property=\"og:title\" content=\"Unternehmen - Fondation Follereau Luxembourg\" \/>\n<meta property=\"og:description\" content=\"Sie sind als Unternehmen an einem einmaligen Beitrag\/Engagement f\u00fcr Projekte und Aktivit\u00e4ten der Fondation Follereau Luxembourg interessiert, suchen eine langfristige Partnerschaft oder m\u00f6chten einfach mehr wissen? Wir sind hier, um [&hellip;]\" \/>\n<meta property=\"og:url\" content=\"https:\/\/ffl.lu\/de\/sengager\/mobiliser-votre-entreprise\/\" \/>\n<meta property=\"og:site_name\" content=\"Fondation Follereau Luxembourg\" \/>\n<meta property=\"article:modified_time\" content=\"2024-09-02T09:45:58+00:00\" \/>\n<meta property=\"og:image\" content=\"https:\/\/ffl.lu\/wp-content\/uploads\/2020\/03\/PeK_97109-Square@2x.jpg\" \/>\n\t<meta property=\"og:image:width\" content=\"1932\" \/>\n\t<meta property=\"og:image:height\" content=\"1932\" \/>\n\t<meta property=\"og:image:type\" content=\"image\/jpeg\" \/>\n<meta name=\"twitter:card\" content=\"summary_large_image\" \/>\n<meta name=\"twitter:label1\" content=\"Gesch\u00e4tzte Lesezeit\" \/>\n\t<meta name=\"twitter:data1\" content=\"2\u00a0Minuten\" \/>\n<script type=\"application\/ld+json\" class=\"yoast-schema-graph\">{\"@context\":\"https:\/\/schema.org\",\"@graph\":[{\"@type\":\"WebPage\",\"@id\":\"https:\/\/ffl.lu\/de\/sengager\/mobiliser-votre-entreprise\/\",\"url\":\"https:\/\/ffl.lu\/de\/sengager\/mobiliser-votre-entreprise\/\",\"name\":\"Unternehmen - Fondation Follereau Luxembourg\",\"isPartOf\":{\"@id\":\"https:\/\/ffl.lu\/de\/#website\"},\"datePublished\":\"2020-03-11T13:48:48+00:00\",\"dateModified\":\"2024-09-02T09:45:58+00:00\",\"breadcrumb\":{\"@id\":\"https:\/\/ffl.lu\/de\/sengager\/mobiliser-votre-entreprise\/#breadcrumb\"},\"inLanguage\":\"de\",\"potentialAction\":[{\"@type\":\"ReadAction\",\"target\":[\"https:\/\/ffl.lu\/de\/sengager\/mobiliser-votre-entreprise\/\"]}]},{\"@type\":\"BreadcrumbList\",\"@id\":\"https:\/\/ffl.lu\/de\/sengager\/mobiliser-votre-entreprise\/#breadcrumb\",\"itemListElement\":[{\"@type\":\"ListItem\",\"position\":1,\"name\":\"Home\",\"item\":\"https:\/\/ffl.lu\/de\/\"},{\"@type\":\"ListItem\",\"position\":2,\"name\":\"Sich engagieren\",\"item\":\"https:\/\/ffl.lu\/de\/sengager\/\"},{\"@type\":\"ListItem\",\"position\":3,\"name\":\"Unternehmen\"}]},{\"@type\":\"WebSite\",\"@id\":\"https:\/\/ffl.lu\/de\/#website\",\"url\":\"https:\/\/ffl.lu\/de\/\",\"name\":\"Fondation Follereau Luxembourg\",\"description\":\"Tout seul, on va vite. Ensemble, on va plus loin\",\"potentialAction\":[{\"@type\":\"SearchAction\",\"target\":{\"@type\":\"EntryPoint\",\"urlTemplate\":\"https:\/\/ffl.lu\/de\/?s={search_term_string}\"},\"query-input\":{\"@type\":\"PropertyValueSpecification\",\"valueRequired\":true,\"valueName\":\"search_term_string\"}}],\"inLanguage\":\"de\"}]}<\/script>\n<!-- \/ Yoast SEO plugin. -->","yoast_head_json":{"title":"Unternehmen - Fondation Follereau Luxembourg","robots":{"index":"index","follow":"follow","max-snippet":"max-snippet:-1","max-image-preview":"max-image-preview:large","max-video-preview":"max-video-preview:-1"},"canonical":"https:\/\/ffl.lu\/de\/sengager\/mobiliser-votre-entreprise\/","og_locale":"de_DE","og_type":"article","og_title":"Unternehmen - Fondation Follereau Luxembourg","og_description":"Sie sind als Unternehmen an einem einmaligen Beitrag\/Engagement f\u00fcr Projekte und Aktivit\u00e4ten der Fondation Follereau Luxembourg interessiert, suchen eine langfristige Partnerschaft oder m\u00f6chten einfach mehr wissen? Wir sind hier, um [&hellip;]","og_url":"https:\/\/ffl.lu\/de\/sengager\/mobiliser-votre-entreprise\/","og_site_name":"Fondation Follereau Luxembourg","article_modified_time":"2024-09-02T09:45:58+00:00","og_image":[{"width":1932,"height":1932,"url":"https:\/\/ffl.lu\/wp-content\/uploads\/2020\/03\/PeK_97109-Square@2x.jpg","type":"image\/jpeg"}],"twitter_card":"summary_large_image","twitter_misc":{"Gesch\u00e4tzte Lesezeit":"2\u00a0Minuten"},"schema":{"@context":"https:\/\/schema.org","@graph":[{"@type":"WebPage","@id":"https:\/\/ffl.lu\/de\/sengager\/mobiliser-votre-entreprise\/","url":"https:\/\/ffl.lu\/de\/sengager\/mobiliser-votre-entreprise\/","name":"Unternehmen - Fondation Follereau Luxembourg","isPartOf":{"@id":"https:\/\/ffl.lu\/de\/#website"},"datePublished":"2020-03-11T13:48:48+00:00","dateModified":"2024-09-02T09:45:58+00:00","breadcrumb":{"@id":"https:\/\/ffl.lu\/de\/sengager\/mobiliser-votre-entreprise\/#breadcrumb"},"inLanguage":"de","potentialAction":[{"@type":"ReadAction","target":["https:\/\/ffl.lu\/de\/sengager\/mobiliser-votre-entreprise\/"]}]},{"@type":"BreadcrumbList","@id":"https:\/\/ffl.lu\/de\/sengager\/mobiliser-votre-entreprise\/#breadcrumb","itemListElement":[{"@type":"ListItem","position":1,"name":"Home","item":"https:\/\/ffl.lu\/de\/"},{"@type":"ListItem","position":2,"name":"Sich engagieren","item":"https:\/\/ffl.lu\/de\/sengager\/"},{"@type":"ListItem","position":3,"name":"Unternehmen"}]},{"@type":"WebSite","@id":"https:\/\/ffl.lu\/de\/#website","url":"https:\/\/ffl.lu\/de\/","name":"Fondation Follereau Luxembourg","description":"Tout seul, on va vite. Ensemble, on va plus loin","potentialAction":[{"@type":"SearchAction","target":{"@type":"EntryPoint","urlTemplate":"https:\/\/ffl.lu\/de\/?s={search_term_string}"},"query-input":{"@type":"PropertyValueSpecification","valueRequired":true,"valueName":"search_term_string"}}],"inLanguage":"de"}]}},"_links":{"self":[{"href":"https:\/\/ffl.lu\/de\/wp-json\/wp\/v2\/pages\/3496","targetHints":{"allow":["GET"]}}],"collection":[{"href":"https:\/\/ffl.lu\/de\/wp-json\/wp\/v2\/pages"}],"about":[{"href":"https:\/\/ffl.lu\/de\/wp-json\/wp\/v2\/types\/page"}],"author":[{"embeddable":true,"href":"https:\/\/ffl.lu\/de\/wp-json\/wp\/v2\/users\/3"}],"replies":[{"embeddable":true,"href":"https:\/\/ffl.lu\/de\/wp-json\/wp\/v2\/comments?post=3496"}],"version-history":[{"count":9,"href":"https:\/\/ffl.lu\/de\/wp-json\/wp\/v2\/pages\/3496\/revisions"}],"predecessor-version":[{"id":6791,"href":"https:\/\/ffl.lu\/de\/wp-json\/wp\/v2\/pages\/3496\/revisions\/6791"}],"up":[{"embeddable":true,"href":"https:\/\/ffl.lu\/de\/wp-json\/wp\/v2\/pages\/3490"}],"wp:attachment":[{"href":"https:\/\/ffl.lu\/de\/wp-json\/wp\/v2\/media?parent=3496"}],"curies":[{"name":"wp","href":"https:\/\/api.w.org\/{rel}","templated":true}]}}