{"id":3494,"date":"2020-03-11T13:49:42","date_gmt":"2020-03-11T13:49:42","guid":{"rendered":"https:\/\/www.ffl.lu\/sengager\/organiser-une-collecte\/"},"modified":"2021-03-29T09:10:20","modified_gmt":"2021-03-29T07:10:20","slug":"organiser-une-collecte","status":"publish","type":"page","link":"https:\/\/ffl.lu\/de\/sengager\/organiser-une-collecte\/","title":{"rendered":"Sammelaktion"},"content":{"rendered":"\n<div class=\"wp-block-group container-sec container--small\"><div class=\"wp-block-group__inner-container is-layout-flow wp-block-group-is-layout-flow\">\n<p class=\"underline-text\"><strong>Wir k\u00f6nnen nur immer wieder betonen: Jede Geste z\u00e4hlt. Wir sind sehr dankbar f\u00fcr jede Initiative, die von unseren Spendern ausgeht.<\/strong><\/p>\n\n\n\n<p>M\u00f6chten Sie sich auf eine andere Art und Weise f\u00fcr die Follereau-Stiftung Luxemburg engagieren? Wussten Sie, dass es m\u00f6glich ist, zu verschiedenen Anl\u00e4ssen eine Kollekte f\u00fcr eine Sache, die Ihnen am Herzen liegt, zu organisieren, z. B. f\u00fcr&#8230;&nbsp;&nbsp;<\/p>\n\n\n\n<ul class=\"wp-block-list\"><li>eine Hochzeit,<\/li><li>eine Geburt,<\/li><li>einen Geburtstag,<\/li><li>einen Eintritt in den Ruhestand,<\/li><li>aber auch f\u00fcr eine sportliche Herausforderung,<\/li><li>eine Solidarit\u00e4tsveranstaltung,<\/li><li>oder f\u00fcr ein Benefizkonzert\u2026<\/li><\/ul>\n\n\n\n<blockquote class=\"wp-block-quote is-layout-flow wp-block-quote-is-layout-flow\"><p>Alle Arbeit ist erhaben, solange sie an einem Stern h\u00e4ngt\u2026<\/p><cite>Raoul Follereau<\/cite><\/blockquote>\n\n\n\n<p>Unabh\u00e4ngig vom Umfang Ihrer Aktion und dem gesammelten Betrag wird Ihre Unterst\u00fctzung f\u00fcr unsere Beg\u00fcnstigten von gro\u00dfem Nutzen sein.<\/p>\n\n\n\n<p>Zu diesem Zweck stehen Ihnen mehrere Online-Tools zur Verf\u00fcgung, wie zum Beispiel die Teilnahme am Facebook-, Leetchi-Spendenpool oder Given Gain, die Sie durch Klicken auf die untere Schaltfl\u00e4che entdecken k\u00f6nnen: <\/p>\n\n\n\n<a style=\"border:none;\" target=\"_blank\" href=\"https:\/\/www.givengain.com\/fundraise\/21565\/\" rel=\"noopener\"><img decoding=\"async\" src=\"https:\/\/www.givengain.com\/res\/img\/donation_buttons\/en\/fundraise-small.png\" alt=\"Donate via GivenGain\"><\/a>\n\n\n\n<p><\/p>\n\n\n\n<p><\/p>\n\n\n\n<p>Des Weiteren steht Ihnen unser Team zur Verf\u00fcgung, falls Sie zus\u00e4tzliche Informationen \u00fcber unsere Projekte oder die Verwendung Ihrer Spenden ben\u00f6tigen:<\/p>\n\n\n\n<p><a href=\"mailto:info@ffl.lu\">info@ffl.lu<\/a> &#8211; <a href=\"tel:003524466061\">(+352) 446606-1<\/a>&nbsp;<\/p>\n\n\n\n<p><strong>Das gesamte Team der Follereau-Stiftung m\u00f6chte Ihnen daf\u00fcr danken, dass Sie Ihre Zeit und Ihre Bem\u00fchungen zum Wohl aller unserer F\u00f6rderungsempf\u00e4nger zur Verf\u00fcgung stellen.<\/strong><\/p>\n<\/div><\/div>\n","protected":false},"excerpt":{"rendered":"<p>Wir k\u00f6nnen nur immer wieder betonen: Jede Geste z\u00e4hlt. Wir sind sehr dankbar f\u00fcr jede Initiative, die von unseren Spendern ausgeht. M\u00f6chten Sie sich auf eine andere Art und Weise [&hellip;]<\/p>\n","protected":false},"author":3,"featured_media":0,"parent":3490,"menu_order":0,"comment_status":"closed","ping_status":"closed","template":"","meta":{"_acf_changed":false,"footnotes":""},"class_list":["post-3494","page","type-page","status-publish","hentry"],"acf":[],"yoast_head":"<!-- This site is optimized with the Yoast SEO plugin v27.1.1 - https:\/\/yoast.com\/product\/yoast-seo-wordpress\/ -->\n<title>Sammelaktion - Fondation Follereau Luxembourg<\/title>\n<meta name=\"robots\" content=\"index, follow, max-snippet:-1, max-image-preview:large, max-video-preview:-1\" \/>\n<link rel=\"canonical\" href=\"https:\/\/ffl.lu\/de\/sengager\/organiser-une-collecte\/\" \/>\n<meta property=\"og:locale\" content=\"de_DE\" \/>\n<meta property=\"og:type\" content=\"article\" \/>\n<meta property=\"og:title\" content=\"Sammelaktion - Fondation Follereau Luxembourg\" \/>\n<meta property=\"og:description\" content=\"Wir k\u00f6nnen nur immer wieder betonen: Jede Geste z\u00e4hlt. Wir sind sehr dankbar f\u00fcr jede Initiative, die von unseren Spendern ausgeht. M\u00f6chten Sie sich auf eine andere Art und Weise [&hellip;]\" \/>\n<meta property=\"og:url\" content=\"https:\/\/ffl.lu\/de\/sengager\/organiser-une-collecte\/\" \/>\n<meta property=\"og:site_name\" content=\"Fondation Follereau Luxembourg\" \/>\n<meta property=\"article:modified_time\" content=\"2021-03-29T07:10:20+00:00\" \/>\n<meta property=\"og:image\" content=\"https:\/\/www.givengain.com\/res\/img\/donation_buttons\/en\/fundraise-small.png\" \/>\n<meta name=\"twitter:card\" content=\"summary_large_image\" \/>\n<meta name=\"twitter:label1\" content=\"Gesch\u00e4tzte Lesezeit\" \/>\n\t<meta name=\"twitter:data1\" content=\"2\u00a0Minuten\" \/>\n<script type=\"application\/ld+json\" class=\"yoast-schema-graph\">{\"@context\":\"https:\/\/schema.org\",\"@graph\":[{\"@type\":\"WebPage\",\"@id\":\"https:\/\/ffl.lu\/de\/sengager\/organiser-une-collecte\/\",\"url\":\"https:\/\/ffl.lu\/de\/sengager\/organiser-une-collecte\/\",\"name\":\"Sammelaktion - Fondation Follereau Luxembourg\",\"isPartOf\":{\"@id\":\"https:\/\/ffl.lu\/de\/#website\"},\"primaryImageOfPage\":{\"@id\":\"https:\/\/ffl.lu\/de\/sengager\/organiser-une-collecte\/#primaryimage\"},\"image\":{\"@id\":\"https:\/\/ffl.lu\/de\/sengager\/organiser-une-collecte\/#primaryimage\"},\"thumbnailUrl\":\"https:\/\/www.givengain.com\/res\/img\/donation_buttons\/en\/fundraise-small.png\",\"datePublished\":\"2020-03-11T13:49:42+00:00\",\"dateModified\":\"2021-03-29T07:10:20+00:00\",\"breadcrumb\":{\"@id\":\"https:\/\/ffl.lu\/de\/sengager\/organiser-une-collecte\/#breadcrumb\"},\"inLanguage\":\"de\",\"potentialAction\":[{\"@type\":\"ReadAction\",\"target\":[\"https:\/\/ffl.lu\/de\/sengager\/organiser-une-collecte\/\"]}]},{\"@type\":\"ImageObject\",\"inLanguage\":\"de\",\"@id\":\"https:\/\/ffl.lu\/de\/sengager\/organiser-une-collecte\/#primaryimage\",\"url\":\"https:\/\/www.givengain.com\/res\/img\/donation_buttons\/en\/fundraise-small.png\",\"contentUrl\":\"https:\/\/www.givengain.com\/res\/img\/donation_buttons\/en\/fundraise-small.png\"},{\"@type\":\"BreadcrumbList\",\"@id\":\"https:\/\/ffl.lu\/de\/sengager\/organiser-une-collecte\/#breadcrumb\",\"itemListElement\":[{\"@type\":\"ListItem\",\"position\":1,\"name\":\"Home\",\"item\":\"https:\/\/ffl.lu\/de\/\"},{\"@type\":\"ListItem\",\"position\":2,\"name\":\"Sich engagieren\",\"item\":\"https:\/\/ffl.lu\/de\/sengager\/\"},{\"@type\":\"ListItem\",\"position\":3,\"name\":\"Sammelaktion\"}]},{\"@type\":\"WebSite\",\"@id\":\"https:\/\/ffl.lu\/de\/#website\",\"url\":\"https:\/\/ffl.lu\/de\/\",\"name\":\"Fondation Follereau Luxembourg\",\"description\":\"Tout seul, on va vite. Ensemble, on va plus loin\",\"potentialAction\":[{\"@type\":\"SearchAction\",\"target\":{\"@type\":\"EntryPoint\",\"urlTemplate\":\"https:\/\/ffl.lu\/de\/?s={search_term_string}\"},\"query-input\":{\"@type\":\"PropertyValueSpecification\",\"valueRequired\":true,\"valueName\":\"search_term_string\"}}],\"inLanguage\":\"de\"}]}<\/script>\n<!-- \/ Yoast SEO plugin. -->","yoast_head_json":{"title":"Sammelaktion - Fondation Follereau Luxembourg","robots":{"index":"index","follow":"follow","max-snippet":"max-snippet:-1","max-image-preview":"max-image-preview:large","max-video-preview":"max-video-preview:-1"},"canonical":"https:\/\/ffl.lu\/de\/sengager\/organiser-une-collecte\/","og_locale":"de_DE","og_type":"article","og_title":"Sammelaktion - Fondation Follereau Luxembourg","og_description":"Wir k\u00f6nnen nur immer wieder betonen: Jede Geste z\u00e4hlt. Wir sind sehr dankbar f\u00fcr jede Initiative, die von unseren Spendern ausgeht. M\u00f6chten Sie sich auf eine andere Art und Weise [&hellip;]","og_url":"https:\/\/ffl.lu\/de\/sengager\/organiser-une-collecte\/","og_site_name":"Fondation Follereau Luxembourg","article_modified_time":"2021-03-29T07:10:20+00:00","og_image":[{"url":"https:\/\/www.givengain.com\/res\/img\/donation_buttons\/en\/fundraise-small.png","type":"","width":"","height":""}],"twitter_card":"summary_large_image","twitter_misc":{"Gesch\u00e4tzte Lesezeit":"2\u00a0Minuten"},"schema":{"@context":"https:\/\/schema.org","@graph":[{"@type":"WebPage","@id":"https:\/\/ffl.lu\/de\/sengager\/organiser-une-collecte\/","url":"https:\/\/ffl.lu\/de\/sengager\/organiser-une-collecte\/","name":"Sammelaktion - Fondation Follereau Luxembourg","isPartOf":{"@id":"https:\/\/ffl.lu\/de\/#website"},"primaryImageOfPage":{"@id":"https:\/\/ffl.lu\/de\/sengager\/organiser-une-collecte\/#primaryimage"},"image":{"@id":"https:\/\/ffl.lu\/de\/sengager\/organiser-une-collecte\/#primaryimage"},"thumbnailUrl":"https:\/\/www.givengain.com\/res\/img\/donation_buttons\/en\/fundraise-small.png","datePublished":"2020-03-11T13:49:42+00:00","dateModified":"2021-03-29T07:10:20+00:00","breadcrumb":{"@id":"https:\/\/ffl.lu\/de\/sengager\/organiser-une-collecte\/#breadcrumb"},"inLanguage":"de","potentialAction":[{"@type":"ReadAction","target":["https:\/\/ffl.lu\/de\/sengager\/organiser-une-collecte\/"]}]},{"@type":"ImageObject","inLanguage":"de","@id":"https:\/\/ffl.lu\/de\/sengager\/organiser-une-collecte\/#primaryimage","url":"https:\/\/www.givengain.com\/res\/img\/donation_buttons\/en\/fundraise-small.png","contentUrl":"https:\/\/www.givengain.com\/res\/img\/donation_buttons\/en\/fundraise-small.png"},{"@type":"BreadcrumbList","@id":"https:\/\/ffl.lu\/de\/sengager\/organiser-une-collecte\/#breadcrumb","itemListElement":[{"@type":"ListItem","position":1,"name":"Home","item":"https:\/\/ffl.lu\/de\/"},{"@type":"ListItem","position":2,"name":"Sich engagieren","item":"https:\/\/ffl.lu\/de\/sengager\/"},{"@type":"ListItem","position":3,"name":"Sammelaktion"}]},{"@type":"WebSite","@id":"https:\/\/ffl.lu\/de\/#website","url":"https:\/\/ffl.lu\/de\/","name":"Fondation Follereau Luxembourg","description":"Tout seul, on va vite. Ensemble, on va plus loin","potentialAction":[{"@type":"SearchAction","target":{"@type":"EntryPoint","urlTemplate":"https:\/\/ffl.lu\/de\/?s={search_term_string}"},"query-input":{"@type":"PropertyValueSpecification","valueRequired":true,"valueName":"search_term_string"}}],"inLanguage":"de"}]}},"_links":{"self":[{"href":"https:\/\/ffl.lu\/de\/wp-json\/wp\/v2\/pages\/3494","targetHints":{"allow":["GET"]}}],"collection":[{"href":"https:\/\/ffl.lu\/de\/wp-json\/wp\/v2\/pages"}],"about":[{"href":"https:\/\/ffl.lu\/de\/wp-json\/wp\/v2\/types\/page"}],"author":[{"embeddable":true,"href":"https:\/\/ffl.lu\/de\/wp-json\/wp\/v2\/users\/3"}],"replies":[{"embeddable":true,"href":"https:\/\/ffl.lu\/de\/wp-json\/wp\/v2\/comments?post=3494"}],"version-history":[{"count":8,"href":"https:\/\/ffl.lu\/de\/wp-json\/wp\/v2\/pages\/3494\/revisions"}],"predecessor-version":[{"id":4570,"href":"https:\/\/ffl.lu\/de\/wp-json\/wp\/v2\/pages\/3494\/revisions\/4570"}],"up":[{"embeddable":true,"href":"https:\/\/ffl.lu\/de\/wp-json\/wp\/v2\/pages\/3490"}],"wp:attachment":[{"href":"https:\/\/ffl.lu\/de\/wp-json\/wp\/v2\/media?parent=3494"}],"curies":[{"name":"wp","href":"https:\/\/api.w.org\/{rel}","templated":true}]}}