{"id":3492,"date":"2020-03-11T13:53:16","date_gmt":"2020-03-11T13:53:16","guid":{"rendered":"https:\/\/www.ffl.lu\/sengager\/souscrire-a-un-legs\/"},"modified":"2026-02-02T07:44:12","modified_gmt":"2026-02-02T06:44:12","slug":"souscrire-a-un-legs","status":"publish","type":"page","link":"https:\/\/ffl.lu\/de\/sengager\/souscrire-a-un-legs\/","title":{"rendered":"Erbschaft"},"content":{"rendered":"\n<div class=\"wp-block-group container-sec container--small\"><div class=\"wp-block-group__inner-container is-layout-flow wp-block-group-is-layout-flow\">\n<p class=\"underline-text\"><strong>Seit fast 60 Jahren setzt sich die Fondation Follereau Luxembourg f\u00fcr die Zukunft der am st\u00e4rksten gef\u00e4hrdeten Gemeinschaften ein. Nach so vielen Jahren des Lernens und des Erfolgs hat die Stiftung die Werte von Raoul Follereau nicht vergessen, der nie aufh\u00f6rte zu wiederholen: &#8222;Gl\u00fcck ist das Einzige, was man sicher hat, wenn man es verschenkt&#8220;.<\/strong><\/p>\n\n\n\n<blockquote class=\"wp-block-quote is-layout-flow wp-block-quote-is-layout-flow\">\n<p>Der Fondation Follereau Luxembourg ein Verm\u00e4chtnis zu hinterlassen, bedeutet, gemeinsam mit unseren Partnern vor Ort ein gro\u00dfartiges Projekt f\u00fcr die Zukunft aufzubauen: Es bedeutet, daf\u00fcr zu sorgen, dass morgen dank Ihnen und den Projekten Ausgrenzung und Bed\u00fcrftigkeit nicht mehr t\u00f6dlich sein werden, da wir mehr Menschen helfen k\u00f6nnen. Gemeinsam werden wir es schaffen.<\/p>\n<cite><em>Jean Hilger, Pr\u00e4sident<\/em><\/cite><\/blockquote>\n\n\n\n<p>Unser Engagement wird fortgesetzt und viele neue Projekte warten auf uns und m\u00fcssen in Angriff genommen werden, um den Betroffenen angemessene und wirksame Hilfe zu leisten. Die Gro\u00dfz\u00fcgigkeit unserer treuen Spender wird daher unerl\u00e4sslich sein, um diese Projekte fortzusetzen und die n\u00e4chsten f\u00fcnfzig Jahre so w\u00fcrdig zu gestalten, wie die, die wir hinter uns lassen.<\/p>\n\n\n\n<h3 class=\"wp-block-heading\">Wie l\u00e4sst sich das verwirklichen?<\/h3>\n\n\n\n<div class=\"wp-block-columns full-width is-layout-flex wp-container-core-columns-is-layout-9d6595d7 wp-block-columns-is-layout-flex\">\n<div class=\"wp-block-column is-layout-flow wp-block-column-is-layout-flow\">\n<p>Wenn Sie Ihre Hilfe verst\u00e4rken und an unserer Seite ein gro\u00dfartiges Projekt f\u00fcr die Zukunft aufbauen wollen, ist die \u00dcbertragung von Verm\u00f6genswerten ein Akt des starken Engagements. In der Tat erweitert sie Ihre W\u00fcnsche und Werte in die Zukunft und erm\u00f6glicht es, das Leben von Tausenden von Menschen erheblich zu verbessern. Diese kostbare Geste erfordert Zeit und sorgf\u00e4ltige Reflexion, da sie Teil des Lebensweges wird.<\/p>\n\n\n\n<p>So fragte Herr Schmit beispielsweise die Follereau-Stiftung, wie sein Erbe in einem Stiftungsprojekt besser genutzt werden k\u00f6nne. Er wollte dies mit einem Mitglied des Teams besprechen und dann entscheiden, welches Projekt er unterst\u00fctzen m\u00f6chte.<\/p>\n\n\n\n<p>Er entschloss sich schlie\u00dflich, in Benin eine Spezialklinik f\u00fcr Buruli Ulcer &#8211; eine vernachl\u00e4ssigte Tropenkrankheit, von der gew\u00f6hnlich Kinder bis zum Alter von 15 Jahren betroffen sind &#8211; sowie Bildungsma\u00dfnahmen in der Region zu unterst\u00fctzen, so dass die Krankheit weniger Menschen betrifft und die Kinder eine bessere Kindheit mit weniger Krankenhausaufenthalten haben.<\/p>\n<\/div>\n\n\n\n<div class=\"wp-block-column is-layout-flow wp-block-column-is-layout-flow\">\n<figure class=\"wp-block-image size-large\"><img loading=\"lazy\" decoding=\"async\" width=\"1280\" height=\"1280\" src=\"https:\/\/www.ffl.lu\/wp-content\/uploads\/2020\/03\/471B3432.jpg\" alt=\"Buruli Ulcer Vorsorge- und Behandlungszentrum\n\" class=\"wp-image-1098\" srcset=\"https:\/\/ffl.lu\/wp-content\/uploads\/2020\/03\/471B3432.jpg 1280w, https:\/\/ffl.lu\/wp-content\/uploads\/2020\/03\/471B3432-800x800.jpg 800w\" sizes=\"auto, (max-width: 1280px) 100vw, 1280px\" \/><\/figure>\n<\/div>\n<\/div>\n\n\n\n<p>Als gemeinn\u00fctzige Einrichtung seit 1984 ist die Follereau-Stiftung berechtigt, Verm\u00e4chtnisse und Spenden entgegenzunehmen. Verm\u00e4chtnisse und Spenden lassen sich einem unserer Arbeitsbereiche oder auch einem bestimmten Projekte zuordnen.<\/p>\n\n\n\n<p>Wir schlagen Ihnen daher vor, sich unverbindlich mit der Stiftung in Verbindung zu setzen, um mehr \u00fcber die Projekte zu erfahren und gemeinsam mit uns Ihre W\u00fcnsche und Erwartungen zu definieren. Wir werden dann in der Lage sein, das\/die Projekt(e) zu identifizieren, das\/die am besten zu Ihnen passt\/passen und Ihren Beitrag in den kommenden Jahren in Betracht ziehen.<\/p>\n\n\n\n<h3 class=\"wp-block-heading\">Gemeinsam k\u00f6nnen wir die Zukunft sichern.<\/h3>\n\n\n\n<h4 class=\"wp-block-heading\">Kontakt<\/h4>\n\n\n\n<p>Erbschaften und Testamente<br><a href=\"mailto:legs@ffl.lu\" target=\"_blank\" rel=\"noreferrer noopener\">M\u00e9lanie Room<\/a><br>Tel. : <a href=\"tel:0035244660652\" target=\"_blank\" rel=\"noreferrer noopener\">(+352) 446606-52<\/a><\/p>\n\n\n\n<p><a rel=\"noreferrer noopener\" href=\"https:\/\/www.ffl.lu\/publications\/publications-divers\/\" target=\"_blank\">Eine Brosch\u00fcre ist ebenfalls hier erh\u00e4ltlich.<\/a><\/p>\n<\/div><\/div>\n\n\n\n<div class=\"wp-block-group container-sec container--small\"><div class=\"wp-block-group__inner-container is-layout-flow wp-block-group-is-layout-flow\"><\/div><\/div>\n","protected":false},"excerpt":{"rendered":"<p>Seit fast 60 Jahren setzt sich die Fondation Follereau Luxembourg f\u00fcr die Zukunft der am st\u00e4rksten gef\u00e4hrdeten Gemeinschaften ein. Nach so vielen Jahren des Lernens und des Erfolgs hat die [&hellip;]<\/p>\n","protected":false},"author":3,"featured_media":0,"parent":3490,"menu_order":0,"comment_status":"closed","ping_status":"closed","template":"","meta":{"_acf_changed":false,"footnotes":""},"class_list":["post-3492","page","type-page","status-publish","hentry"],"acf":[],"yoast_head":"<!-- This site is optimized with the Yoast SEO plugin v27.1.1 - https:\/\/yoast.com\/product\/yoast-seo-wordpress\/ -->\n<title>Erbschaft - Fondation Follereau Luxembourg<\/title>\n<meta name=\"robots\" content=\"index, follow, max-snippet:-1, max-image-preview:large, max-video-preview:-1\" \/>\n<link rel=\"canonical\" href=\"https:\/\/ffl.lu\/de\/sengager\/souscrire-a-un-legs\/\" \/>\n<meta property=\"og:locale\" content=\"de_DE\" \/>\n<meta property=\"og:type\" content=\"article\" \/>\n<meta property=\"og:title\" content=\"Erbschaft - Fondation Follereau Luxembourg\" \/>\n<meta property=\"og:description\" content=\"Seit fast 60 Jahren setzt sich die Fondation Follereau Luxembourg f\u00fcr die Zukunft der am st\u00e4rksten gef\u00e4hrdeten Gemeinschaften ein. Nach so vielen Jahren des Lernens und des Erfolgs hat die [&hellip;]\" \/>\n<meta property=\"og:url\" content=\"https:\/\/ffl.lu\/de\/sengager\/souscrire-a-un-legs\/\" \/>\n<meta property=\"og:site_name\" content=\"Fondation Follereau Luxembourg\" \/>\n<meta property=\"article:modified_time\" content=\"2026-02-02T06:44:12+00:00\" \/>\n<meta property=\"og:image\" content=\"https:\/\/ffl.lu\/wp-content\/uploads\/2020\/03\/471B3432.jpg\" \/>\n\t<meta property=\"og:image:width\" content=\"1280\" \/>\n\t<meta property=\"og:image:height\" content=\"1280\" \/>\n\t<meta property=\"og:image:type\" content=\"image\/jpeg\" \/>\n<meta name=\"twitter:card\" content=\"summary_large_image\" \/>\n<meta name=\"twitter:label1\" content=\"Gesch\u00e4tzte Lesezeit\" \/>\n\t<meta name=\"twitter:data1\" content=\"2\u00a0Minuten\" \/>\n<script type=\"application\/ld+json\" class=\"yoast-schema-graph\">{\"@context\":\"https:\/\/schema.org\",\"@graph\":[{\"@type\":\"WebPage\",\"@id\":\"https:\/\/ffl.lu\/de\/sengager\/souscrire-a-un-legs\/\",\"url\":\"https:\/\/ffl.lu\/de\/sengager\/souscrire-a-un-legs\/\",\"name\":\"Erbschaft - Fondation Follereau Luxembourg\",\"isPartOf\":{\"@id\":\"https:\/\/ffl.lu\/de\/#website\"},\"primaryImageOfPage\":{\"@id\":\"https:\/\/ffl.lu\/de\/sengager\/souscrire-a-un-legs\/#primaryimage\"},\"image\":{\"@id\":\"https:\/\/ffl.lu\/de\/sengager\/souscrire-a-un-legs\/#primaryimage\"},\"thumbnailUrl\":\"https:\/\/www.ffl.lu\/wp-content\/uploads\/2020\/03\/471B3432.jpg\",\"datePublished\":\"2020-03-11T13:53:16+00:00\",\"dateModified\":\"2026-02-02T06:44:12+00:00\",\"breadcrumb\":{\"@id\":\"https:\/\/ffl.lu\/de\/sengager\/souscrire-a-un-legs\/#breadcrumb\"},\"inLanguage\":\"de\",\"potentialAction\":[{\"@type\":\"ReadAction\",\"target\":[\"https:\/\/ffl.lu\/de\/sengager\/souscrire-a-un-legs\/\"]}]},{\"@type\":\"ImageObject\",\"inLanguage\":\"de\",\"@id\":\"https:\/\/ffl.lu\/de\/sengager\/souscrire-a-un-legs\/#primaryimage\",\"url\":\"https:\/\/www.ffl.lu\/wp-content\/uploads\/2020\/03\/471B3432.jpg\",\"contentUrl\":\"https:\/\/www.ffl.lu\/wp-content\/uploads\/2020\/03\/471B3432.jpg\"},{\"@type\":\"BreadcrumbList\",\"@id\":\"https:\/\/ffl.lu\/de\/sengager\/souscrire-a-un-legs\/#breadcrumb\",\"itemListElement\":[{\"@type\":\"ListItem\",\"position\":1,\"name\":\"Home\",\"item\":\"https:\/\/ffl.lu\/de\/\"},{\"@type\":\"ListItem\",\"position\":2,\"name\":\"Sich engagieren\",\"item\":\"https:\/\/ffl.lu\/de\/sengager\/\"},{\"@type\":\"ListItem\",\"position\":3,\"name\":\"Erbschaft\"}]},{\"@type\":\"WebSite\",\"@id\":\"https:\/\/ffl.lu\/de\/#website\",\"url\":\"https:\/\/ffl.lu\/de\/\",\"name\":\"Fondation Follereau Luxembourg\",\"description\":\"Tout seul, on va vite. Ensemble, on va plus loin\",\"potentialAction\":[{\"@type\":\"SearchAction\",\"target\":{\"@type\":\"EntryPoint\",\"urlTemplate\":\"https:\/\/ffl.lu\/de\/?s={search_term_string}\"},\"query-input\":{\"@type\":\"PropertyValueSpecification\",\"valueRequired\":true,\"valueName\":\"search_term_string\"}}],\"inLanguage\":\"de\"}]}<\/script>\n<!-- \/ Yoast SEO plugin. -->","yoast_head_json":{"title":"Erbschaft - Fondation Follereau Luxembourg","robots":{"index":"index","follow":"follow","max-snippet":"max-snippet:-1","max-image-preview":"max-image-preview:large","max-video-preview":"max-video-preview:-1"},"canonical":"https:\/\/ffl.lu\/de\/sengager\/souscrire-a-un-legs\/","og_locale":"de_DE","og_type":"article","og_title":"Erbschaft - Fondation Follereau Luxembourg","og_description":"Seit fast 60 Jahren setzt sich die Fondation Follereau Luxembourg f\u00fcr die Zukunft der am st\u00e4rksten gef\u00e4hrdeten Gemeinschaften ein. Nach so vielen Jahren des Lernens und des Erfolgs hat die [&hellip;]","og_url":"https:\/\/ffl.lu\/de\/sengager\/souscrire-a-un-legs\/","og_site_name":"Fondation Follereau Luxembourg","article_modified_time":"2026-02-02T06:44:12+00:00","og_image":[{"width":1280,"height":1280,"url":"https:\/\/ffl.lu\/wp-content\/uploads\/2020\/03\/471B3432.jpg","type":"image\/jpeg"}],"twitter_card":"summary_large_image","twitter_misc":{"Gesch\u00e4tzte Lesezeit":"2\u00a0Minuten"},"schema":{"@context":"https:\/\/schema.org","@graph":[{"@type":"WebPage","@id":"https:\/\/ffl.lu\/de\/sengager\/souscrire-a-un-legs\/","url":"https:\/\/ffl.lu\/de\/sengager\/souscrire-a-un-legs\/","name":"Erbschaft - Fondation Follereau Luxembourg","isPartOf":{"@id":"https:\/\/ffl.lu\/de\/#website"},"primaryImageOfPage":{"@id":"https:\/\/ffl.lu\/de\/sengager\/souscrire-a-un-legs\/#primaryimage"},"image":{"@id":"https:\/\/ffl.lu\/de\/sengager\/souscrire-a-un-legs\/#primaryimage"},"thumbnailUrl":"https:\/\/www.ffl.lu\/wp-content\/uploads\/2020\/03\/471B3432.jpg","datePublished":"2020-03-11T13:53:16+00:00","dateModified":"2026-02-02T06:44:12+00:00","breadcrumb":{"@id":"https:\/\/ffl.lu\/de\/sengager\/souscrire-a-un-legs\/#breadcrumb"},"inLanguage":"de","potentialAction":[{"@type":"ReadAction","target":["https:\/\/ffl.lu\/de\/sengager\/souscrire-a-un-legs\/"]}]},{"@type":"ImageObject","inLanguage":"de","@id":"https:\/\/ffl.lu\/de\/sengager\/souscrire-a-un-legs\/#primaryimage","url":"https:\/\/www.ffl.lu\/wp-content\/uploads\/2020\/03\/471B3432.jpg","contentUrl":"https:\/\/www.ffl.lu\/wp-content\/uploads\/2020\/03\/471B3432.jpg"},{"@type":"BreadcrumbList","@id":"https:\/\/ffl.lu\/de\/sengager\/souscrire-a-un-legs\/#breadcrumb","itemListElement":[{"@type":"ListItem","position":1,"name":"Home","item":"https:\/\/ffl.lu\/de\/"},{"@type":"ListItem","position":2,"name":"Sich engagieren","item":"https:\/\/ffl.lu\/de\/sengager\/"},{"@type":"ListItem","position":3,"name":"Erbschaft"}]},{"@type":"WebSite","@id":"https:\/\/ffl.lu\/de\/#website","url":"https:\/\/ffl.lu\/de\/","name":"Fondation Follereau Luxembourg","description":"Tout seul, on va vite. Ensemble, on va plus loin","potentialAction":[{"@type":"SearchAction","target":{"@type":"EntryPoint","urlTemplate":"https:\/\/ffl.lu\/de\/?s={search_term_string}"},"query-input":{"@type":"PropertyValueSpecification","valueRequired":true,"valueName":"search_term_string"}}],"inLanguage":"de"}]}},"_links":{"self":[{"href":"https:\/\/ffl.lu\/de\/wp-json\/wp\/v2\/pages\/3492","targetHints":{"allow":["GET"]}}],"collection":[{"href":"https:\/\/ffl.lu\/de\/wp-json\/wp\/v2\/pages"}],"about":[{"href":"https:\/\/ffl.lu\/de\/wp-json\/wp\/v2\/types\/page"}],"author":[{"embeddable":true,"href":"https:\/\/ffl.lu\/de\/wp-json\/wp\/v2\/users\/3"}],"replies":[{"embeddable":true,"href":"https:\/\/ffl.lu\/de\/wp-json\/wp\/v2\/comments?post=3492"}],"version-history":[{"count":11,"href":"https:\/\/ffl.lu\/de\/wp-json\/wp\/v2\/pages\/3492\/revisions"}],"predecessor-version":[{"id":8292,"href":"https:\/\/ffl.lu\/de\/wp-json\/wp\/v2\/pages\/3492\/revisions\/8292"}],"up":[{"embeddable":true,"href":"https:\/\/ffl.lu\/de\/wp-json\/wp\/v2\/pages\/3490"}],"wp:attachment":[{"href":"https:\/\/ffl.lu\/de\/wp-json\/wp\/v2\/media?parent=3492"}],"curies":[{"name":"wp","href":"https:\/\/api.w.org\/{rel}","templated":true}]}}