{"id":3424,"date":"2020-02-03T20:01:24","date_gmt":"2020-02-03T20:01:24","guid":{"rendered":"https:\/\/www.ffl.lu\/contact\/"},"modified":"2025-10-24T13:49:29","modified_gmt":"2025-10-24T11:49:29","slug":"contact","status":"publish","type":"page","link":"https:\/\/ffl.lu\/de\/contact\/","title":{"rendered":"Kontakt"},"content":{"rendered":"\n<div class=\"wp-block-group team\"><div class=\"wp-block-group__inner-container is-layout-flow wp-block-group-is-layout-flow\">\n<h2 class=\"wp-block-heading\"><strong>Das FFL-Team<\/strong><\/h2>\n\n\n\n<div class=\"wp-block-columns is-layout-flex wp-container-core-columns-is-layout-9d6595d7 wp-block-columns-is-layout-flex\">\n<div class=\"wp-block-column is-layout-flow wp-block-column-is-layout-flow\">\n<h2 class=\"wp-block-heading\"><strong><em>Der Verwaltungsrat<\/em><\/strong><\/h2>\n\n\n\n<p>Der Verwaltungsrat setzt sich wie folgt zusammen: Jean Hilger (Pr\u00e4sident), Julio Nerin (Vizepr\u00e4sident), Brigitte Bontemps-Loschetter, Paul-Marie Majerus, Jean-Luc Pauly, Jean Smit, und Georges Keipes.<\/p>\n<\/div>\n\n\n\n<div class=\"wp-block-column is-layout-flow wp-block-column-is-layout-flow\">\n<h2 class=\"wp-block-heading\"><strong><em>Das Leitungsteam<\/em><\/strong><\/h2>\n\n\n\n<p>Die Stiftung wird von 7 Mitarbeitern in den Bereichen Projektmanagement, Spendenmanagement, \u00d6ffentlichkeitsarbeit, Finanzen, Fundraising, Sponsoring und Sensibilisierung geleitet. Hier finden Sie die jeweiligen Kontaktdaten.<\/p>\n\n\n\n<p>F\u00fcr alle Fragen : <\/p>\n\n\n\n<ul class=\"wp-block-list\">\n<li>zu den Projekten: <a href=\"mailto:projets@ffl.lu\">projets@ffl.lu<\/a><\/li>\n\n\n\n<li>zur \u00d6ffentlichkeitsarbeit: <a href=\"mailto:presse@ffl.lu\">presse@ffl.lu<\/a><\/li>\n\n\n\n<li>zur F\u00f6rderung: <a href=\"mailto:mecenat@ffl.lu\">mecenat@ffl.lu <\/a><\/li>\n\n\n\n<li>zur Global Citizenship Education: <a href=\"mailto:sensibilisation@ffl.lu\">sensibilisation@ffl.lu<\/a><\/li>\n<\/ul>\n<\/div>\n<\/div>\n\n\n\n<p><\/p>\n<\/div><\/div>\n","protected":false},"excerpt":{"rendered":"<p>Das FFL-Team Der Verwaltungsrat Der Verwaltungsrat setzt sich wie folgt zusammen: Jean Hilger (Pr\u00e4sident), Julio Nerin (Vizepr\u00e4sident), Brigitte Bontemps-Loschetter, Paul-Marie Majerus, Jean-Luc Pauly, Jean Smit, und Georges Keipes. Das Leitungsteam [&hellip;]<\/p>\n","protected":false},"author":1,"featured_media":1035,"parent":0,"menu_order":0,"comment_status":"closed","ping_status":"closed","template":"","meta":{"_acf_changed":false,"footnotes":""},"class_list":["post-3424","page","type-page","status-publish","has-post-thumbnail","hentry"],"acf":[],"yoast_head":"<!-- This site is optimized with the Yoast SEO plugin v27.1.1 - https:\/\/yoast.com\/product\/yoast-seo-wordpress\/ -->\n<title>Kontakt - Fondation Follereau Luxembourg<\/title>\n<meta name=\"robots\" content=\"index, follow, max-snippet:-1, max-image-preview:large, max-video-preview:-1\" \/>\n<link rel=\"canonical\" href=\"https:\/\/ffl.lu\/de\/contact\/\" \/>\n<meta property=\"og:locale\" content=\"de_DE\" \/>\n<meta property=\"og:type\" content=\"article\" \/>\n<meta property=\"og:title\" content=\"Kontakt - Fondation Follereau Luxembourg\" \/>\n<meta property=\"og:description\" content=\"Das FFL-Team Der Verwaltungsrat Der Verwaltungsrat setzt sich wie folgt zusammen: Jean Hilger (Pr\u00e4sident), Julio Nerin (Vizepr\u00e4sident), Brigitte Bontemps-Loschetter, Paul-Marie Majerus, Jean-Luc Pauly, Jean Smit, und Georges Keipes. Das Leitungsteam [&hellip;]\" \/>\n<meta property=\"og:url\" content=\"https:\/\/ffl.lu\/de\/contact\/\" \/>\n<meta property=\"og:site_name\" content=\"Fondation Follereau Luxembourg\" \/>\n<meta property=\"article:modified_time\" content=\"2025-10-24T11:49:29+00:00\" \/>\n<meta property=\"og:image\" content=\"https:\/\/ffl.lu\/wp-content\/uploads\/2020\/03\/471B5682-MADAGASCAR.jpg\" \/>\n\t<meta property=\"og:image:width\" content=\"1280\" \/>\n\t<meta property=\"og:image:height\" content=\"1280\" \/>\n\t<meta property=\"og:image:type\" content=\"image\/jpeg\" \/>\n<meta name=\"twitter:card\" content=\"summary_large_image\" \/>\n<meta name=\"twitter:label1\" content=\"Gesch\u00e4tzte Lesezeit\" \/>\n\t<meta name=\"twitter:data1\" content=\"1\u00a0Minute\" \/>\n<script type=\"application\/ld+json\" class=\"yoast-schema-graph\">{\"@context\":\"https:\/\/schema.org\",\"@graph\":[{\"@type\":\"WebPage\",\"@id\":\"https:\/\/ffl.lu\/de\/contact\/\",\"url\":\"https:\/\/ffl.lu\/de\/contact\/\",\"name\":\"Kontakt - Fondation Follereau Luxembourg\",\"isPartOf\":{\"@id\":\"https:\/\/ffl.lu\/de\/#website\"},\"primaryImageOfPage\":{\"@id\":\"https:\/\/ffl.lu\/de\/contact\/#primaryimage\"},\"image\":{\"@id\":\"https:\/\/ffl.lu\/de\/contact\/#primaryimage\"},\"thumbnailUrl\":\"https:\/\/ffl.lu\/wp-content\/uploads\/2020\/03\/471B5682-MADAGASCAR.jpg\",\"datePublished\":\"2020-02-03T20:01:24+00:00\",\"dateModified\":\"2025-10-24T11:49:29+00:00\",\"breadcrumb\":{\"@id\":\"https:\/\/ffl.lu\/de\/contact\/#breadcrumb\"},\"inLanguage\":\"de\",\"potentialAction\":[{\"@type\":\"ReadAction\",\"target\":[\"https:\/\/ffl.lu\/de\/contact\/\"]}]},{\"@type\":\"ImageObject\",\"inLanguage\":\"de\",\"@id\":\"https:\/\/ffl.lu\/de\/contact\/#primaryimage\",\"url\":\"https:\/\/ffl.lu\/wp-content\/uploads\/2020\/03\/471B5682-MADAGASCAR.jpg\",\"contentUrl\":\"https:\/\/ffl.lu\/wp-content\/uploads\/2020\/03\/471B5682-MADAGASCAR.jpg\",\"width\":1280,\"height\":1280,\"caption\":\"Prise en charge des personnes atteintes de maladies tropicales n\u00e9glig\u00e9es, dans la r\u00e9gion Amoron'i Mania et dans le dioc\u00e8se de Mananjary\"},{\"@type\":\"BreadcrumbList\",\"@id\":\"https:\/\/ffl.lu\/de\/contact\/#breadcrumb\",\"itemListElement\":[{\"@type\":\"ListItem\",\"position\":1,\"name\":\"Home\",\"item\":\"https:\/\/ffl.lu\/de\/\"},{\"@type\":\"ListItem\",\"position\":2,\"name\":\"Kontakt\"}]},{\"@type\":\"WebSite\",\"@id\":\"https:\/\/ffl.lu\/de\/#website\",\"url\":\"https:\/\/ffl.lu\/de\/\",\"name\":\"Fondation Follereau Luxembourg\",\"description\":\"Tout seul, on va vite. Ensemble, on va plus loin\",\"potentialAction\":[{\"@type\":\"SearchAction\",\"target\":{\"@type\":\"EntryPoint\",\"urlTemplate\":\"https:\/\/ffl.lu\/de\/?s={search_term_string}\"},\"query-input\":{\"@type\":\"PropertyValueSpecification\",\"valueRequired\":true,\"valueName\":\"search_term_string\"}}],\"inLanguage\":\"de\"}]}<\/script>\n<!-- \/ Yoast SEO plugin. -->","yoast_head_json":{"title":"Kontakt - Fondation Follereau Luxembourg","robots":{"index":"index","follow":"follow","max-snippet":"max-snippet:-1","max-image-preview":"max-image-preview:large","max-video-preview":"max-video-preview:-1"},"canonical":"https:\/\/ffl.lu\/de\/contact\/","og_locale":"de_DE","og_type":"article","og_title":"Kontakt - Fondation Follereau Luxembourg","og_description":"Das FFL-Team Der Verwaltungsrat Der Verwaltungsrat setzt sich wie folgt zusammen: Jean Hilger (Pr\u00e4sident), Julio Nerin (Vizepr\u00e4sident), Brigitte Bontemps-Loschetter, Paul-Marie Majerus, Jean-Luc Pauly, Jean Smit, und Georges Keipes. Das Leitungsteam [&hellip;]","og_url":"https:\/\/ffl.lu\/de\/contact\/","og_site_name":"Fondation Follereau Luxembourg","article_modified_time":"2025-10-24T11:49:29+00:00","og_image":[{"width":1280,"height":1280,"url":"https:\/\/ffl.lu\/wp-content\/uploads\/2020\/03\/471B5682-MADAGASCAR.jpg","type":"image\/jpeg"}],"twitter_card":"summary_large_image","twitter_misc":{"Gesch\u00e4tzte Lesezeit":"1\u00a0Minute"},"schema":{"@context":"https:\/\/schema.org","@graph":[{"@type":"WebPage","@id":"https:\/\/ffl.lu\/de\/contact\/","url":"https:\/\/ffl.lu\/de\/contact\/","name":"Kontakt - Fondation Follereau Luxembourg","isPartOf":{"@id":"https:\/\/ffl.lu\/de\/#website"},"primaryImageOfPage":{"@id":"https:\/\/ffl.lu\/de\/contact\/#primaryimage"},"image":{"@id":"https:\/\/ffl.lu\/de\/contact\/#primaryimage"},"thumbnailUrl":"https:\/\/ffl.lu\/wp-content\/uploads\/2020\/03\/471B5682-MADAGASCAR.jpg","datePublished":"2020-02-03T20:01:24+00:00","dateModified":"2025-10-24T11:49:29+00:00","breadcrumb":{"@id":"https:\/\/ffl.lu\/de\/contact\/#breadcrumb"},"inLanguage":"de","potentialAction":[{"@type":"ReadAction","target":["https:\/\/ffl.lu\/de\/contact\/"]}]},{"@type":"ImageObject","inLanguage":"de","@id":"https:\/\/ffl.lu\/de\/contact\/#primaryimage","url":"https:\/\/ffl.lu\/wp-content\/uploads\/2020\/03\/471B5682-MADAGASCAR.jpg","contentUrl":"https:\/\/ffl.lu\/wp-content\/uploads\/2020\/03\/471B5682-MADAGASCAR.jpg","width":1280,"height":1280,"caption":"Prise en charge des personnes atteintes de maladies tropicales n\u00e9glig\u00e9es, dans la r\u00e9gion Amoron'i Mania et dans le dioc\u00e8se de Mananjary"},{"@type":"BreadcrumbList","@id":"https:\/\/ffl.lu\/de\/contact\/#breadcrumb","itemListElement":[{"@type":"ListItem","position":1,"name":"Home","item":"https:\/\/ffl.lu\/de\/"},{"@type":"ListItem","position":2,"name":"Kontakt"}]},{"@type":"WebSite","@id":"https:\/\/ffl.lu\/de\/#website","url":"https:\/\/ffl.lu\/de\/","name":"Fondation Follereau Luxembourg","description":"Tout seul, on va vite. Ensemble, on va plus loin","potentialAction":[{"@type":"SearchAction","target":{"@type":"EntryPoint","urlTemplate":"https:\/\/ffl.lu\/de\/?s={search_term_string}"},"query-input":{"@type":"PropertyValueSpecification","valueRequired":true,"valueName":"search_term_string"}}],"inLanguage":"de"}]}},"_links":{"self":[{"href":"https:\/\/ffl.lu\/de\/wp-json\/wp\/v2\/pages\/3424","targetHints":{"allow":["GET"]}}],"collection":[{"href":"https:\/\/ffl.lu\/de\/wp-json\/wp\/v2\/pages"}],"about":[{"href":"https:\/\/ffl.lu\/de\/wp-json\/wp\/v2\/types\/page"}],"author":[{"embeddable":true,"href":"https:\/\/ffl.lu\/de\/wp-json\/wp\/v2\/users\/1"}],"replies":[{"embeddable":true,"href":"https:\/\/ffl.lu\/de\/wp-json\/wp\/v2\/comments?post=3424"}],"version-history":[{"count":15,"href":"https:\/\/ffl.lu\/de\/wp-json\/wp\/v2\/pages\/3424\/revisions"}],"predecessor-version":[{"id":7874,"href":"https:\/\/ffl.lu\/de\/wp-json\/wp\/v2\/pages\/3424\/revisions\/7874"}],"wp:featuredmedia":[{"embeddable":true,"href":"https:\/\/ffl.lu\/de\/wp-json\/wp\/v2\/media\/1035"}],"wp:attachment":[{"href":"https:\/\/ffl.lu\/de\/wp-json\/wp\/v2\/media?parent=3424"}],"curies":[{"name":"wp","href":"https:\/\/api.w.org\/{rel}","templated":true}]}}