{"id":1539,"date":"2020-02-03T20:01:52","date_gmt":"2020-02-03T20:01:52","guid":{"rendered":"https:\/\/www.ffl.lu\/a-propos\/"},"modified":"2024-09-02T11:41:43","modified_gmt":"2024-09-02T09:41:43","slug":"a-propos","status":"publish","type":"page","link":"https:\/\/ffl.lu\/de\/a-propos\/","title":{"rendered":"Die Fondation Follereau Luxembourg"},"content":{"rendered":"\n<p>Die Fondation Follereau Luxembourg ist eine luxemburgische Nichtregierungsorganisation, die in der internationalen Entwicklungszusammenarbeit t\u00e4tig ist und sich f\u00fcr die F\u00f6rderung der Lebensqualit\u00e4t der schw\u00e4chsten afrikanischen Gemeinschaften einsetzt. Zusammen mit ihren vertrauensw\u00fcrdigen Partnern unterst\u00fctzt sie lokale Initiativen bei ihren Projekten in den Bereichen Gesundheit, Bildung, Schutz und Nothilfe.<\/p>\n\n\n\n<p><\/p>\n","protected":false},"excerpt":{"rendered":"<p>Die Fondation Follereau Luxembourg ist eine luxemburgische Nichtregierungsorganisation, die in der internationalen Entwicklungszusammenarbeit t\u00e4tig ist und sich f\u00fcr die F\u00f6rderung der Lebensqualit\u00e4t der schw\u00e4chsten afrikanischen Gemeinschaften einsetzt. Zusammen mit ihren [&hellip;]<\/p>\n","protected":false},"author":1,"featured_media":713,"parent":0,"menu_order":0,"comment_status":"closed","ping_status":"closed","template":"","meta":{"_acf_changed":false,"footnotes":""},"class_list":["post-1539","page","type-page","status-publish","has-post-thumbnail","hentry"],"acf":[],"yoast_head":"<!-- This site is optimized with the Yoast SEO plugin v27.1.1 - https:\/\/yoast.com\/product\/yoast-seo-wordpress\/ -->\n<title>Die Fondation Follereau Luxembourg - Fondation Follereau Luxembourg<\/title>\n<meta name=\"robots\" content=\"index, follow, max-snippet:-1, max-image-preview:large, max-video-preview:-1\" \/>\n<link rel=\"canonical\" href=\"https:\/\/ffl.lu\/de\/a-propos\/\" \/>\n<meta property=\"og:locale\" content=\"de_DE\" \/>\n<meta property=\"og:type\" content=\"article\" \/>\n<meta property=\"og:title\" content=\"Die Fondation Follereau Luxembourg - Fondation Follereau Luxembourg\" \/>\n<meta property=\"og:description\" content=\"Die Fondation Follereau Luxembourg ist eine luxemburgische Nichtregierungsorganisation, die in der internationalen Entwicklungszusammenarbeit t\u00e4tig ist und sich f\u00fcr die F\u00f6rderung der Lebensqualit\u00e4t der schw\u00e4chsten afrikanischen Gemeinschaften einsetzt. Zusammen mit ihren [&hellip;]\" \/>\n<meta property=\"og:url\" content=\"https:\/\/ffl.lu\/de\/a-propos\/\" \/>\n<meta property=\"og:site_name\" content=\"Fondation Follereau Luxembourg\" \/>\n<meta property=\"article:modified_time\" content=\"2024-09-02T09:41:43+00:00\" \/>\n<meta property=\"og:image\" content=\"https:\/\/ffl.lu\/wp-content\/uploads\/2020\/02\/471B9747.jpg\" \/>\n\t<meta property=\"og:image:width\" content=\"1024\" \/>\n\t<meta property=\"og:image:height\" content=\"683\" \/>\n\t<meta property=\"og:image:type\" content=\"image\/jpeg\" \/>\n<meta name=\"twitter:card\" content=\"summary_large_image\" \/>\n<meta name=\"twitter:label1\" content=\"Gesch\u00e4tzte Lesezeit\" \/>\n\t<meta name=\"twitter:data1\" content=\"1\u00a0Minute\" \/>\n<script type=\"application\/ld+json\" class=\"yoast-schema-graph\">{\"@context\":\"https:\/\/schema.org\",\"@graph\":[{\"@type\":\"WebPage\",\"@id\":\"https:\/\/ffl.lu\/de\/a-propos\/\",\"url\":\"https:\/\/ffl.lu\/de\/a-propos\/\",\"name\":\"Die Fondation Follereau Luxembourg - Fondation Follereau Luxembourg\",\"isPartOf\":{\"@id\":\"https:\/\/ffl.lu\/de\/#website\"},\"primaryImageOfPage\":{\"@id\":\"https:\/\/ffl.lu\/de\/a-propos\/#primaryimage\"},\"image\":{\"@id\":\"https:\/\/ffl.lu\/de\/a-propos\/#primaryimage\"},\"thumbnailUrl\":\"https:\/\/ffl.lu\/wp-content\/uploads\/2020\/02\/471B9747.jpg\",\"datePublished\":\"2020-02-03T20:01:52+00:00\",\"dateModified\":\"2024-09-02T09:41:43+00:00\",\"breadcrumb\":{\"@id\":\"https:\/\/ffl.lu\/de\/a-propos\/#breadcrumb\"},\"inLanguage\":\"de\",\"potentialAction\":[{\"@type\":\"ReadAction\",\"target\":[\"https:\/\/ffl.lu\/de\/a-propos\/\"]}]},{\"@type\":\"ImageObject\",\"inLanguage\":\"de\",\"@id\":\"https:\/\/ffl.lu\/de\/a-propos\/#primaryimage\",\"url\":\"https:\/\/ffl.lu\/wp-content\/uploads\/2020\/02\/471B9747.jpg\",\"contentUrl\":\"https:\/\/ffl.lu\/wp-content\/uploads\/2020\/02\/471B9747.jpg\",\"width\":5760,\"height\":3840},{\"@type\":\"BreadcrumbList\",\"@id\":\"https:\/\/ffl.lu\/de\/a-propos\/#breadcrumb\",\"itemListElement\":[{\"@type\":\"ListItem\",\"position\":1,\"name\":\"Home\",\"item\":\"https:\/\/ffl.lu\/de\/\"},{\"@type\":\"ListItem\",\"position\":2,\"name\":\"Die Fondation Follereau Luxembourg\"}]},{\"@type\":\"WebSite\",\"@id\":\"https:\/\/ffl.lu\/de\/#website\",\"url\":\"https:\/\/ffl.lu\/de\/\",\"name\":\"Fondation Follereau Luxembourg\",\"description\":\"Tout seul, on va vite. Ensemble, on va plus loin\",\"potentialAction\":[{\"@type\":\"SearchAction\",\"target\":{\"@type\":\"EntryPoint\",\"urlTemplate\":\"https:\/\/ffl.lu\/de\/?s={search_term_string}\"},\"query-input\":{\"@type\":\"PropertyValueSpecification\",\"valueRequired\":true,\"valueName\":\"search_term_string\"}}],\"inLanguage\":\"de\"}]}<\/script>\n<!-- \/ Yoast SEO plugin. -->","yoast_head_json":{"title":"Die Fondation Follereau Luxembourg - Fondation Follereau Luxembourg","robots":{"index":"index","follow":"follow","max-snippet":"max-snippet:-1","max-image-preview":"max-image-preview:large","max-video-preview":"max-video-preview:-1"},"canonical":"https:\/\/ffl.lu\/de\/a-propos\/","og_locale":"de_DE","og_type":"article","og_title":"Die Fondation Follereau Luxembourg - Fondation Follereau Luxembourg","og_description":"Die Fondation Follereau Luxembourg ist eine luxemburgische Nichtregierungsorganisation, die in der internationalen Entwicklungszusammenarbeit t\u00e4tig ist und sich f\u00fcr die F\u00f6rderung der Lebensqualit\u00e4t der schw\u00e4chsten afrikanischen Gemeinschaften einsetzt. Zusammen mit ihren [&hellip;]","og_url":"https:\/\/ffl.lu\/de\/a-propos\/","og_site_name":"Fondation Follereau Luxembourg","article_modified_time":"2024-09-02T09:41:43+00:00","og_image":[{"url":"https:\/\/ffl.lu\/wp-content\/uploads\/2020\/02\/471B9747.jpg","width":1024,"height":683,"type":"image\/jpeg"}],"twitter_card":"summary_large_image","twitter_misc":{"Gesch\u00e4tzte Lesezeit":"1\u00a0Minute"},"schema":{"@context":"https:\/\/schema.org","@graph":[{"@type":"WebPage","@id":"https:\/\/ffl.lu\/de\/a-propos\/","url":"https:\/\/ffl.lu\/de\/a-propos\/","name":"Die Fondation Follereau Luxembourg - Fondation Follereau Luxembourg","isPartOf":{"@id":"https:\/\/ffl.lu\/de\/#website"},"primaryImageOfPage":{"@id":"https:\/\/ffl.lu\/de\/a-propos\/#primaryimage"},"image":{"@id":"https:\/\/ffl.lu\/de\/a-propos\/#primaryimage"},"thumbnailUrl":"https:\/\/ffl.lu\/wp-content\/uploads\/2020\/02\/471B9747.jpg","datePublished":"2020-02-03T20:01:52+00:00","dateModified":"2024-09-02T09:41:43+00:00","breadcrumb":{"@id":"https:\/\/ffl.lu\/de\/a-propos\/#breadcrumb"},"inLanguage":"de","potentialAction":[{"@type":"ReadAction","target":["https:\/\/ffl.lu\/de\/a-propos\/"]}]},{"@type":"ImageObject","inLanguage":"de","@id":"https:\/\/ffl.lu\/de\/a-propos\/#primaryimage","url":"https:\/\/ffl.lu\/wp-content\/uploads\/2020\/02\/471B9747.jpg","contentUrl":"https:\/\/ffl.lu\/wp-content\/uploads\/2020\/02\/471B9747.jpg","width":5760,"height":3840},{"@type":"BreadcrumbList","@id":"https:\/\/ffl.lu\/de\/a-propos\/#breadcrumb","itemListElement":[{"@type":"ListItem","position":1,"name":"Home","item":"https:\/\/ffl.lu\/de\/"},{"@type":"ListItem","position":2,"name":"Die Fondation Follereau Luxembourg"}]},{"@type":"WebSite","@id":"https:\/\/ffl.lu\/de\/#website","url":"https:\/\/ffl.lu\/de\/","name":"Fondation Follereau Luxembourg","description":"Tout seul, on va vite. Ensemble, on va plus loin","potentialAction":[{"@type":"SearchAction","target":{"@type":"EntryPoint","urlTemplate":"https:\/\/ffl.lu\/de\/?s={search_term_string}"},"query-input":{"@type":"PropertyValueSpecification","valueRequired":true,"valueName":"search_term_string"}}],"inLanguage":"de"}]}},"_links":{"self":[{"href":"https:\/\/ffl.lu\/de\/wp-json\/wp\/v2\/pages\/1539","targetHints":{"allow":["GET"]}}],"collection":[{"href":"https:\/\/ffl.lu\/de\/wp-json\/wp\/v2\/pages"}],"about":[{"href":"https:\/\/ffl.lu\/de\/wp-json\/wp\/v2\/types\/page"}],"author":[{"embeddable":true,"href":"https:\/\/ffl.lu\/de\/wp-json\/wp\/v2\/users\/1"}],"replies":[{"embeddable":true,"href":"https:\/\/ffl.lu\/de\/wp-json\/wp\/v2\/comments?post=1539"}],"version-history":[{"count":13,"href":"https:\/\/ffl.lu\/de\/wp-json\/wp\/v2\/pages\/1539\/revisions"}],"predecessor-version":[{"id":6787,"href":"https:\/\/ffl.lu\/de\/wp-json\/wp\/v2\/pages\/1539\/revisions\/6787"}],"wp:featuredmedia":[{"embeddable":true,"href":"https:\/\/ffl.lu\/de\/wp-json\/wp\/v2\/media\/713"}],"wp:attachment":[{"href":"https:\/\/ffl.lu\/de\/wp-json\/wp\/v2\/media?parent=1539"}],"curies":[{"name":"wp","href":"https:\/\/api.w.org\/{rel}","templated":true}]}}