{"id":1441,"date":"2020-04-09T12:05:27","date_gmt":"2020-04-09T12:05:27","guid":{"rendered":"https:\/\/www.ffl.lu\/?page_id=1441"},"modified":"2025-10-06T12:43:13","modified_gmt":"2025-10-06T10:43:13","slug":"dem-team-beitreten","status":"publish","type":"page","link":"https:\/\/ffl.lu\/de\/sengager\/dem-team-beitreten\/","title":{"rendered":"Beitreten"},"content":{"rendered":"\n<div class=\"wp-block-group container-sec container--small\"><div class=\"wp-block-group__inner-container is-layout-flow wp-block-group-is-layout-flow\">\n<p class=\"underline-text\"><strong>Die Mission der Fondation Follereau Luxemburg besteht darin, die Lebensqualit\u00e4t der am st\u00e4rksten gef\u00e4hrdeten afrikanischen Gemeinschaften durch Sensibilisierungs-, Informations- und Aktionsprogramme zu st\u00e4rken und zu f\u00f6rdern.<\/strong><\/p>\n\n\n\n<p>Sie sind sensibilisiert f\u00fcr die von unserer Stiftung vertretenen Werte und m\u00f6chten sich einem motivierten Team anschlie\u00dfen? Warten Sie also nicht l\u00e4nger. Entdecken Sie unsere Stellenangebote und senden Sie uns schnell Ihre Bewerbung!<\/p>\n\n\n\n<h3 class=\"wp-block-heading\">Stellenausschreibungen<\/h3>\n\n\n\n<ul class=\"wp-block-list\">\n<li><em><strong><a href=\"https:\/\/ffl.lu\/de\/offres_emploi\/generalkoordinator-m-w-x\/\">Generalkoordinator (m\/w\/x<\/a><\/strong><\/em>)<\/li>\n\n\n\n<li><em>Sonstige Vorstellungen?<\/em><br>Wir sind grunds\u00e4tzlich offen f\u00fcr Spontanbewerbungen: <a href=\"mailto:direction@ffl.lu\" target=\"_blank\" rel=\"noreferrer noopener\">direction@ffl.lu<\/a><\/li>\n<\/ul>\n\n\n\n<h3 class=\"wp-block-heading\">Praktika<\/h3>\n\n\n\n<p>Wir ber\u00fccksichtigen vereinzelt bestimmte Anfragen f\u00fcr Studentenpraktika. Jeder bei uns aufgenommene Praktikant, wird in unseren R\u00e4umlichkeiten vor Ort in unser Team integriert. Einige Praktikumsthemen sind: Kommunikation, Projektmanagement, Bildung f\u00fcr Nachhaltige Entwicklung, Ausarbeitung unserer Web-Tools\u2026<\/p>\n\n\n\n<p><a rel=\"noreferrer noopener\" href=\"mailto:presse@ffl.lu\" target=\"_blank\">Kontaktieren Sie uns<\/a> bitte f\u00fcr alle Praktikumsanfragen.<\/p>\n\n\n\n<h3 class=\"wp-block-heading\">Der Verwaltungsrat<\/h3>\n\n\n\n<figure class=\"wp-block-image size-large\"><img loading=\"lazy\" decoding=\"async\" width=\"1024\" height=\"683\" src=\"https:\/\/ffl.lu\/wp-content\/uploads\/2021\/11\/Conseil-dadministration-FFL-2019-2mb-1024x683.jpg\" alt=\"\" class=\"wp-image-5206\" srcset=\"https:\/\/ffl.lu\/wp-content\/uploads\/2021\/11\/Conseil-dadministration-FFL-2019-2mb-1024x683.jpg 1024w, https:\/\/ffl.lu\/wp-content\/uploads\/2021\/11\/Conseil-dadministration-FFL-2019-2mb-800x533.jpg 800w, https:\/\/ffl.lu\/wp-content\/uploads\/2021\/11\/Conseil-dadministration-FFL-2019-2mb-768x512.jpg 768w, https:\/\/ffl.lu\/wp-content\/uploads\/2021\/11\/Conseil-dadministration-FFL-2019-2mb-1536x1024.jpg 1536w, https:\/\/ffl.lu\/wp-content\/uploads\/2021\/11\/Conseil-dadministration-FFL-2019-2mb.jpg 1773w\" sizes=\"auto, (max-width: 1024px) 100vw, 1024px\" \/><\/figure>\n\n\n\n<div class=\"wp-block-columns is-layout-flex wp-container-core-columns-is-layout-9d6595d7 wp-block-columns-is-layout-flex\">\n<div class=\"wp-block-column is-layout-flow wp-block-column-is-layout-flow\">\n<p>Der Vorstand der Stiftung setzt sich aus ehrenamtlichen Mitgliedern zusammen und trifft sich regelm\u00e4\u00dfig, um \u00fcber die Arbeit der Stiftung informiert zu werden und die wichtigsten Entscheidungen zu treffen.<\/p>\n<\/div>\n\n\n\n<div class=\"wp-block-column is-layout-flow wp-block-column-is-layout-flow\">\n<p>Er besteht aus 7 Mitgliedern, von denen 6 aktiv sind: Jean Hilger (Pr\u00e4sident), Julio Nerin (Vizepr\u00e4sident), Brigitte Bontemps-Loschetter, Georges Keipes, Paul-Marie Majerus, Jean-Luc Pauly, Jean Smit.<\/p>\n<\/div>\n<\/div>\n\n\n\n<p>Die beruflichen F\u00e4higkeiten der Mitglieder des Verwaltungsrates sind ein wertvolles Kapital f\u00fcr unser Team: Recht, Medizin, Management, Marketing, Personalwesen, IT, Buchhaltung, Kommunikation&#8230; Ihre strategische Vision, ihr berufliches Netzwerk, ihre Dynamik und ihr Enthusiasmus sind f\u00fcr eine Entwicklungs-Nichtregierungsorganisation von unsch\u00e4tzbarem Wert.<\/p>\n\n\n\n<p>Als Mitglied des Verwaltungsrates und entsprechend den Bed\u00fcrfnissen der Organisation haben sie folgende Aufgaben:<\/p>\n\n\n\n<ul class=\"wp-block-list\">\n<li>Bei allen Vorstandssitzungen anwesend sein <\/li>\n\n\n\n<li>An den Missionen, Angeboten, Programmen und Projekten der Stiftung teilnehmen, unterst\u00fctzen und \u00fcber sie informiert werden<\/li>\n\n\n\n<li>Auf dem Laufenden bleiben: Pr\u00fcfen der Tagesordnung und der begleitenden Dokumente vor den Vorstandssitzungen<\/li>\n\n\n\n<li>Aktives Mitglied des Verwaltungsrates sein:&nbsp; Sie nehmen an Sitzungen teil und schlagen bestimmte Aufgaben vor oder nehmen an bestimmten Aussch\u00fcssen teil.<\/li>\n\n\n\n<li>Sie k\u00f6nnen dem Vorstand neue Mitglieder vorschlagen, welche einen wesentlichen Beitrag zur Arbeit des Vorstands und der Organisation leisten k\u00f6nnten.<\/li>\n\n\n\n<li>Unterst\u00fctzung des Vorstandes bei der Erf\u00fcllung seiner Aufgaben<\/li>\n<\/ul>\n\n\n\n<p>F\u00fcr Bewerbungen, <a rel=\"noreferrer noopener\" href=\"mailto:direction@ffl.lu\" target=\"_blank\">kontaktieren Sie uns<\/a> bitte.<\/p>\n<\/div><\/div>\n","protected":false},"excerpt":{"rendered":"<p>Die Mission der Fondation Follereau Luxemburg besteht darin, die Lebensqualit\u00e4t der am st\u00e4rksten gef\u00e4hrdeten afrikanischen Gemeinschaften durch Sensibilisierungs-, Informations- und Aktionsprogramme zu st\u00e4rken und zu f\u00f6rdern. Sie sind sensibilisiert f\u00fcr [&hellip;]<\/p>\n","protected":false},"author":4,"featured_media":0,"parent":3490,"menu_order":0,"comment_status":"closed","ping_status":"closed","template":"","meta":{"_acf_changed":false,"footnotes":""},"class_list":["post-1441","page","type-page","status-publish","hentry"],"acf":[],"yoast_head":"<!-- This site is optimized with the Yoast SEO plugin v27.1.1 - https:\/\/yoast.com\/product\/yoast-seo-wordpress\/ -->\n<title>Beitreten - Fondation Follereau Luxembourg<\/title>\n<meta name=\"robots\" content=\"index, follow, max-snippet:-1, max-image-preview:large, max-video-preview:-1\" \/>\n<link rel=\"canonical\" href=\"https:\/\/ffl.lu\/de\/sengager\/dem-team-beitreten\/\" \/>\n<meta property=\"og:locale\" content=\"de_DE\" \/>\n<meta property=\"og:type\" content=\"article\" \/>\n<meta property=\"og:title\" content=\"Beitreten - Fondation Follereau Luxembourg\" \/>\n<meta property=\"og:description\" content=\"Die Mission der Fondation Follereau Luxemburg besteht darin, die Lebensqualit\u00e4t der am st\u00e4rksten gef\u00e4hrdeten afrikanischen Gemeinschaften durch Sensibilisierungs-, Informations- und Aktionsprogramme zu st\u00e4rken und zu f\u00f6rdern. Sie sind sensibilisiert f\u00fcr [&hellip;]\" \/>\n<meta property=\"og:url\" content=\"https:\/\/ffl.lu\/de\/sengager\/dem-team-beitreten\/\" \/>\n<meta property=\"og:site_name\" content=\"Fondation Follereau Luxembourg\" \/>\n<meta property=\"article:modified_time\" content=\"2025-10-06T10:43:13+00:00\" \/>\n<meta property=\"og:image\" content=\"https:\/\/ffl.lu\/wp-content\/uploads\/2021\/11\/Conseil-dadministration-FFL-2019-2mb.jpg\" \/>\n\t<meta property=\"og:image:width\" content=\"1773\" \/>\n\t<meta property=\"og:image:height\" content=\"1182\" \/>\n\t<meta property=\"og:image:type\" content=\"image\/jpeg\" \/>\n<meta name=\"twitter:card\" content=\"summary_large_image\" \/>\n<meta name=\"twitter:label1\" content=\"Gesch\u00e4tzte Lesezeit\" \/>\n\t<meta name=\"twitter:data1\" content=\"2\u00a0Minuten\" \/>\n<script type=\"application\/ld+json\" class=\"yoast-schema-graph\">{\"@context\":\"https:\/\/schema.org\",\"@graph\":[{\"@type\":\"WebPage\",\"@id\":\"https:\/\/ffl.lu\/de\/sengager\/dem-team-beitreten\/\",\"url\":\"https:\/\/ffl.lu\/de\/sengager\/dem-team-beitreten\/\",\"name\":\"Beitreten - Fondation Follereau Luxembourg\",\"isPartOf\":{\"@id\":\"https:\/\/ffl.lu\/de\/#website\"},\"primaryImageOfPage\":{\"@id\":\"https:\/\/ffl.lu\/de\/sengager\/dem-team-beitreten\/#primaryimage\"},\"image\":{\"@id\":\"https:\/\/ffl.lu\/de\/sengager\/dem-team-beitreten\/#primaryimage\"},\"thumbnailUrl\":\"https:\/\/ffl.lu\/wp-content\/uploads\/2021\/11\/Conseil-dadministration-FFL-2019-2mb-1024x683.jpg\",\"datePublished\":\"2020-04-09T12:05:27+00:00\",\"dateModified\":\"2025-10-06T10:43:13+00:00\",\"breadcrumb\":{\"@id\":\"https:\/\/ffl.lu\/de\/sengager\/dem-team-beitreten\/#breadcrumb\"},\"inLanguage\":\"de\",\"potentialAction\":[{\"@type\":\"ReadAction\",\"target\":[\"https:\/\/ffl.lu\/de\/sengager\/dem-team-beitreten\/\"]}]},{\"@type\":\"ImageObject\",\"inLanguage\":\"de\",\"@id\":\"https:\/\/ffl.lu\/de\/sengager\/dem-team-beitreten\/#primaryimage\",\"url\":\"https:\/\/ffl.lu\/wp-content\/uploads\/2021\/11\/Conseil-dadministration-FFL-2019-2mb-1024x683.jpg\",\"contentUrl\":\"https:\/\/ffl.lu\/wp-content\/uploads\/2021\/11\/Conseil-dadministration-FFL-2019-2mb-1024x683.jpg\"},{\"@type\":\"BreadcrumbList\",\"@id\":\"https:\/\/ffl.lu\/de\/sengager\/dem-team-beitreten\/#breadcrumb\",\"itemListElement\":[{\"@type\":\"ListItem\",\"position\":1,\"name\":\"Home\",\"item\":\"https:\/\/ffl.lu\/de\/\"},{\"@type\":\"ListItem\",\"position\":2,\"name\":\"Sich engagieren\",\"item\":\"https:\/\/ffl.lu\/de\/sengager\/\"},{\"@type\":\"ListItem\",\"position\":3,\"name\":\"Beitreten\"}]},{\"@type\":\"WebSite\",\"@id\":\"https:\/\/ffl.lu\/de\/#website\",\"url\":\"https:\/\/ffl.lu\/de\/\",\"name\":\"Fondation Follereau Luxembourg\",\"description\":\"Tout seul, on va vite. Ensemble, on va plus loin\",\"potentialAction\":[{\"@type\":\"SearchAction\",\"target\":{\"@type\":\"EntryPoint\",\"urlTemplate\":\"https:\/\/ffl.lu\/de\/?s={search_term_string}\"},\"query-input\":{\"@type\":\"PropertyValueSpecification\",\"valueRequired\":true,\"valueName\":\"search_term_string\"}}],\"inLanguage\":\"de\"}]}<\/script>\n<!-- \/ Yoast SEO plugin. -->","yoast_head_json":{"title":"Beitreten - Fondation Follereau Luxembourg","robots":{"index":"index","follow":"follow","max-snippet":"max-snippet:-1","max-image-preview":"max-image-preview:large","max-video-preview":"max-video-preview:-1"},"canonical":"https:\/\/ffl.lu\/de\/sengager\/dem-team-beitreten\/","og_locale":"de_DE","og_type":"article","og_title":"Beitreten - Fondation Follereau Luxembourg","og_description":"Die Mission der Fondation Follereau Luxemburg besteht darin, die Lebensqualit\u00e4t der am st\u00e4rksten gef\u00e4hrdeten afrikanischen Gemeinschaften durch Sensibilisierungs-, Informations- und Aktionsprogramme zu st\u00e4rken und zu f\u00f6rdern. Sie sind sensibilisiert f\u00fcr [&hellip;]","og_url":"https:\/\/ffl.lu\/de\/sengager\/dem-team-beitreten\/","og_site_name":"Fondation Follereau Luxembourg","article_modified_time":"2025-10-06T10:43:13+00:00","og_image":[{"width":1773,"height":1182,"url":"https:\/\/ffl.lu\/wp-content\/uploads\/2021\/11\/Conseil-dadministration-FFL-2019-2mb.jpg","type":"image\/jpeg"}],"twitter_card":"summary_large_image","twitter_misc":{"Gesch\u00e4tzte Lesezeit":"2\u00a0Minuten"},"schema":{"@context":"https:\/\/schema.org","@graph":[{"@type":"WebPage","@id":"https:\/\/ffl.lu\/de\/sengager\/dem-team-beitreten\/","url":"https:\/\/ffl.lu\/de\/sengager\/dem-team-beitreten\/","name":"Beitreten - Fondation Follereau Luxembourg","isPartOf":{"@id":"https:\/\/ffl.lu\/de\/#website"},"primaryImageOfPage":{"@id":"https:\/\/ffl.lu\/de\/sengager\/dem-team-beitreten\/#primaryimage"},"image":{"@id":"https:\/\/ffl.lu\/de\/sengager\/dem-team-beitreten\/#primaryimage"},"thumbnailUrl":"https:\/\/ffl.lu\/wp-content\/uploads\/2021\/11\/Conseil-dadministration-FFL-2019-2mb-1024x683.jpg","datePublished":"2020-04-09T12:05:27+00:00","dateModified":"2025-10-06T10:43:13+00:00","breadcrumb":{"@id":"https:\/\/ffl.lu\/de\/sengager\/dem-team-beitreten\/#breadcrumb"},"inLanguage":"de","potentialAction":[{"@type":"ReadAction","target":["https:\/\/ffl.lu\/de\/sengager\/dem-team-beitreten\/"]}]},{"@type":"ImageObject","inLanguage":"de","@id":"https:\/\/ffl.lu\/de\/sengager\/dem-team-beitreten\/#primaryimage","url":"https:\/\/ffl.lu\/wp-content\/uploads\/2021\/11\/Conseil-dadministration-FFL-2019-2mb-1024x683.jpg","contentUrl":"https:\/\/ffl.lu\/wp-content\/uploads\/2021\/11\/Conseil-dadministration-FFL-2019-2mb-1024x683.jpg"},{"@type":"BreadcrumbList","@id":"https:\/\/ffl.lu\/de\/sengager\/dem-team-beitreten\/#breadcrumb","itemListElement":[{"@type":"ListItem","position":1,"name":"Home","item":"https:\/\/ffl.lu\/de\/"},{"@type":"ListItem","position":2,"name":"Sich engagieren","item":"https:\/\/ffl.lu\/de\/sengager\/"},{"@type":"ListItem","position":3,"name":"Beitreten"}]},{"@type":"WebSite","@id":"https:\/\/ffl.lu\/de\/#website","url":"https:\/\/ffl.lu\/de\/","name":"Fondation Follereau Luxembourg","description":"Tout seul, on va vite. Ensemble, on va plus loin","potentialAction":[{"@type":"SearchAction","target":{"@type":"EntryPoint","urlTemplate":"https:\/\/ffl.lu\/de\/?s={search_term_string}"},"query-input":{"@type":"PropertyValueSpecification","valueRequired":true,"valueName":"search_term_string"}}],"inLanguage":"de"}]}},"_links":{"self":[{"href":"https:\/\/ffl.lu\/de\/wp-json\/wp\/v2\/pages\/1441","targetHints":{"allow":["GET"]}}],"collection":[{"href":"https:\/\/ffl.lu\/de\/wp-json\/wp\/v2\/pages"}],"about":[{"href":"https:\/\/ffl.lu\/de\/wp-json\/wp\/v2\/types\/page"}],"author":[{"embeddable":true,"href":"https:\/\/ffl.lu\/de\/wp-json\/wp\/v2\/users\/4"}],"replies":[{"embeddable":true,"href":"https:\/\/ffl.lu\/de\/wp-json\/wp\/v2\/comments?post=1441"}],"version-history":[{"count":19,"href":"https:\/\/ffl.lu\/de\/wp-json\/wp\/v2\/pages\/1441\/revisions"}],"predecessor-version":[{"id":7834,"href":"https:\/\/ffl.lu\/de\/wp-json\/wp\/v2\/pages\/1441\/revisions\/7834"}],"up":[{"embeddable":true,"href":"https:\/\/ffl.lu\/de\/wp-json\/wp\/v2\/pages\/3490"}],"wp:attachment":[{"href":"https:\/\/ffl.lu\/de\/wp-json\/wp\/v2\/media?parent=1441"}],"curies":[{"name":"wp","href":"https:\/\/api.w.org\/{rel}","templated":true}]}}